{"id":1475,"date":"2021-12-14T10:20:41","date_gmt":"2021-12-14T09:20:41","guid":{"rendered":"https:\/\/www.roxer.ch\/?post_type=product&#038;p=1475"},"modified":"2024-05-30T15:00:34","modified_gmt":"2024-05-30T13:00:34","slug":"diabolic-e","status":"publish","type":"product","link":"https:\/\/www.roxer.ch\/en\/product\/diabolic-e\/","title":{"rendered":"DIABOLIC E"},"content":{"rendered":"<div data-elementor-type=\"wp-post\" data-elementor-id=\"1475\" class=\"elementor elementor-1475\">\n\t\t\t\t\t\t<section class=\"elementor-section elementor-top-section elementor-element elementor-element-969e026 elementor-section-stretched product-rubrique elementor-section-boxed elementor-section-height-default elementor-section-height-default\" data-id=\"969e026\" data-element_type=\"section\" data-e-type=\"section\" data-settings=\"{&quot;stretch_section&quot;:&quot;section-stretched&quot;}\">\n\t\t\t\t\t\t<div class=\"elementor-container elementor-column-gap-default\">\n\t\t\t\t\t<div class=\"elementor-column elementor-col-50 elementor-top-column elementor-element elementor-element-74aedfc\" data-id=\"74aedfc\" data-element_type=\"column\" data-e-type=\"column\">\n\t\t\t<div class=\"elementor-widget-wrap elementor-element-populated\">\n\t\t\t\t\t\t<div class=\"elementor-element elementor-element-d282273 elementor-widget elementor-widget-wp-widget-alg_back_button_wp_widget\" data-id=\"d282273\" data-element_type=\"widget\" data-e-type=\"widget\" data-widget_type=\"wp-widget-alg_back_button_wp_widget.default\">\n\t\t\t\t<div class=\"elementor-widget-container\">\n\t\t\t\t\t<input type=\"button\" value=\"&lt; Retour\" class=\"alg_back_button_input\" style=\"\" onclick=\"window.history.back()\" \/>\t\t\t\t<\/div>\n\t\t\t\t<\/div>\n\t\t\t\t<div class=\"elementor-element elementor-element-5363cd7 elementor-widget elementor-widget-heading\" data-id=\"5363cd7\" data-element_type=\"widget\" data-e-type=\"widget\" data-widget_type=\"heading.default\">\n\t\t\t\t<div class=\"elementor-widget-container\">\n\t\t\t\t\t<h2 class=\"elementor-heading-title elementor-size-default\">DIABOLIC E<\/h2>\t\t\t\t<\/div>\n\t\t\t\t<\/div>\n\t\t\t\t<div class=\"elementor-element elementor-element-c0a8a5e elementor-widget elementor-widget-heading\" data-id=\"c0a8a5e\" data-element_type=\"widget\" data-e-type=\"widget\" data-widget_type=\"heading.default\">\n\t\t\t\t<div class=\"elementor-widget-container\">\n\t\t\t\t\t<h4 class=\"elementor-heading-title elementor-size-default\">Leak Locator<\/h4>\t\t\t\t<\/div>\n\t\t\t\t<\/div>\n\t\t\t\t<div class=\"elementor-element elementor-element-2a60289 elementor-widget elementor-widget-text-editor\" data-id=\"2a60289\" data-element_type=\"widget\" data-e-type=\"widget\" data-widget_type=\"text-editor.default\">\n\t\t\t\t<div class=\"elementor-widget-container\">\n\t\t\t\t\t\t\t\t\t<p class=\"textenormal\"><i class=\"flag-icon flag-icon-ch flag-icon-squared\" aria-hidden=\"true\"><\/i> Enginered and made in Switzerland<\/p>\t\t\t\t\t\t\t\t<\/div>\n\t\t\t\t<\/div>\n\t\t\t\t\t<\/div>\n\t\t<\/div>\n\t\t\t\t<div class=\"elementor-column elementor-col-50 elementor-top-column elementor-element elementor-element-cc4008c\" data-id=\"cc4008c\" data-element_type=\"column\" data-e-type=\"column\">\n\t\t\t<div class=\"elementor-widget-wrap elementor-element-populated\">\n\t\t\t\t\t\t<div class=\"elementor-element elementor-element-7ef8f6b elementor-widget elementor-widget-text-editor\" data-id=\"7ef8f6b\" data-element_type=\"widget\" data-e-type=\"widget\" data-widget_type=\"text-editor.default\">\n\t\t\t\t<div class=\"elementor-widget-container\">\n\t\t\t\t\t\t\t\t\t<p>A device for visually locating leaks in a watch head. Bubbles appear in non-leaking areas.<\/p>\t\t\t\t\t\t\t\t<\/div>\n\t\t\t\t<\/div>\n\t\t\t\t\t<\/div>\n\t\t<\/div>\n\t\t\t\t\t<\/div>\n\t\t<\/section>\n\t\t\t\t<section class=\"elementor-section elementor-top-section elementor-element elementor-element-5337e6e elementor-section-content-middle elementor-section-stretched product-rubrique elementor-section-boxed elementor-section-height-default elementor-section-height-default\" data-id=\"5337e6e\" data-element_type=\"section\" data-e-type=\"section\" data-settings=\"{&quot;stretch_section&quot;:&quot;section-stretched&quot;}\">\n\t\t\t\t\t\t<div class=\"elementor-container elementor-column-gap-wider\">\n\t\t\t\t\t<div class=\"elementor-column elementor-col-50 elementor-top-column elementor-element elementor-element-5f68c6c\" data-id=\"5f68c6c\" data-element_type=\"column\" data-e-type=\"column\">\n\t\t\t<div class=\"elementor-widget-wrap elementor-element-populated\">\n\t\t\t\t\t\t<div class=\"elementor-element elementor-element-44d2786 elementor-widget elementor-widget-heading\" data-id=\"44d2786\" data-element_type=\"widget\" data-e-type=\"widget\" data-widget_type=\"heading.default\">\n\t\t\t\t<div class=\"elementor-widget-container\">\n\t\t\t\t\t<h3 class=\"elementor-heading-title elementor-size-default\">Machine functions<\/h3>\t\t\t\t<\/div>\n\t\t\t\t<\/div>\n\t\t\t\t<div class=\"elementor-element elementor-element-91529fb elementor-widget elementor-widget-text-editor\" data-id=\"91529fb\" data-element_type=\"widget\" data-e-type=\"widget\" data-widget_type=\"text-editor.default\">\n\t\t\t\t<div class=\"elementor-widget-container\">\n\t\t\t\t\t\t\t\t\t<ul><li>Ideal for individual testing and After-Sales service.<\/li><li>Vacuum immersion.<\/li><li>Visual location.<\/li><li>Built-in pressure gauge.<\/li><\/ul>\t\t\t\t\t\t\t\t<\/div>\n\t\t\t\t<\/div>\n\t\t\t\t\t<\/div>\n\t\t<\/div>\n\t\t\t\t<div class=\"elementor-column elementor-col-50 elementor-top-column elementor-element elementor-element-9b2711e\" data-id=\"9b2711e\" data-element_type=\"column\" data-e-type=\"column\">\n\t\t\t<div class=\"elementor-widget-wrap elementor-element-populated\">\n\t\t\t\t\t\t<div class=\"elementor-element elementor-element-ebeb7fc elementor-widget elementor-widget-image\" data-id=\"ebeb7fc\" data-element_type=\"widget\" data-e-type=\"widget\" data-widget_type=\"image.default\">\n\t\t\t\t<div class=\"elementor-widget-container\">\n\t\t\t\t\t\t\t\t\t\t\t\t\t\t\t<img fetchpriority=\"high\" decoding=\"async\" width=\"1024\" height=\"1024\" src=\"https:\/\/www.roxer.ch\/wp-content\/uploads\/2021\/12\/DIABOLIC-001-1024x1024.png\" class=\"attachment-large size-large wp-image-1135\" alt=\"\" srcset=\"https:\/\/www.roxer.ch\/wp-content\/uploads\/2021\/12\/DIABOLIC-001-1024x1024.png 1024w, https:\/\/www.roxer.ch\/wp-content\/uploads\/2021\/12\/DIABOLIC-001-800x800.png 800w, https:\/\/www.roxer.ch\/wp-content\/uploads\/2021\/12\/DIABOLIC-001-300x300.png 300w, https:\/\/www.roxer.ch\/wp-content\/uploads\/2021\/12\/DIABOLIC-001-150x150.png 150w, https:\/\/www.roxer.ch\/wp-content\/uploads\/2021\/12\/DIABOLIC-001-768x768.png 768w, https:\/\/www.roxer.ch\/wp-content\/uploads\/2021\/12\/DIABOLIC-001-1536x1536.png 1536w, https:\/\/www.roxer.ch\/wp-content\/uploads\/2021\/12\/DIABOLIC-001.png 2048w, https:\/\/www.roxer.ch\/wp-content\/uploads\/2021\/12\/DIABOLIC-001-146x146.png 146w, https:\/\/www.roxer.ch\/wp-content\/uploads\/2021\/12\/DIABOLIC-001-50x50.png 50w, https:\/\/www.roxer.ch\/wp-content\/uploads\/2021\/12\/DIABOLIC-001-75x75.png 75w, https:\/\/www.roxer.ch\/wp-content\/uploads\/2021\/12\/DIABOLIC-001-85x85.png 85w, https:\/\/www.roxer.ch\/wp-content\/uploads\/2021\/12\/DIABOLIC-001-80x80.png 80w, https:\/\/www.roxer.ch\/wp-content\/uploads\/2021\/12\/DIABOLIC-001-600x600.png 600w\" sizes=\"(max-width:767px) 480px, (max-width:1024px) 100vw, 1024px\" \/>\t\t\t\t\t\t\t\t\t\t\t\t\t\t\t<\/div>\n\t\t\t\t<\/div>\n\t\t\t\t\t<\/div>\n\t\t<\/div>\n\t\t\t\t\t<\/div>\n\t\t<\/section>\n\t\t\t\t<section class=\"elementor-section elementor-top-section elementor-element elementor-element-3338f83 elementor-section-content-middle elementor-section-stretched product-rubrique elementor-section-boxed elementor-section-height-default elementor-section-height-default\" data-id=\"3338f83\" data-element_type=\"section\" data-e-type=\"section\" data-settings=\"{&quot;stretch_section&quot;:&quot;section-stretched&quot;}\">\n\t\t\t\t\t\t<div class=\"elementor-container elementor-column-gap-default\">\n\t\t\t\t\t<div class=\"elementor-column elementor-col-100 elementor-top-column elementor-element elementor-element-f7c4afd\" data-id=\"f7c4afd\" data-element_type=\"column\" data-e-type=\"column\">\n\t\t\t<div class=\"elementor-widget-wrap elementor-element-populated\">\n\t\t\t\t\t\t<div class=\"elementor-element elementor-element-e09b968 elementor-widget elementor-widget-heading\" data-id=\"e09b968\" data-element_type=\"widget\" data-e-type=\"widget\" data-widget_type=\"heading.default\">\n\t\t\t\t<div class=\"elementor-widget-container\">\n\t\t\t\t\t<h3 class=\"elementor-heading-title elementor-size-default\">Technical specifications<\/h3>\t\t\t\t<\/div>\n\t\t\t\t<\/div>\n\t\t\t\t<section class=\"elementor-section elementor-inner-section elementor-element elementor-element-45c49b5 elementor-section-boxed elementor-section-height-default elementor-section-height-default\" data-id=\"45c49b5\" data-element_type=\"section\" data-e-type=\"section\">\n\t\t\t\t\t\t<div class=\"elementor-container elementor-column-gap-default\">\n\t\t\t\t\t<div class=\"elementor-column elementor-col-50 elementor-inner-column elementor-element elementor-element-0144875\" data-id=\"0144875\" data-element_type=\"column\" data-e-type=\"column\">\n\t\t\t<div class=\"elementor-widget-wrap elementor-element-populated\">\n\t\t\t\t\t\t<div class=\"elementor-element elementor-element-4decf86 elementor-widget elementor-widget-text-editor\" data-id=\"4decf86\" data-element_type=\"widget\" data-e-type=\"widget\" data-widget_type=\"text-editor.default\">\n\t\t\t\t<div class=\"elementor-widget-container\">\n\t\t\t\t\t\t\t\t\t<p>Supply voltage :<br \/>Power :<br \/>Capacity :<br \/>Detection level :<br \/>Limit vacuum :<br \/>\u00d8 Jar :<br \/>Weight :<br \/>Dimensions (l\/d\/h) :<\/p>\t\t\t\t\t\t\t\t<\/div>\n\t\t\t\t<\/div>\n\t\t\t\t\t<\/div>\n\t\t<\/div>\n\t\t\t\t<div class=\"elementor-column elementor-col-50 elementor-inner-column elementor-element elementor-element-27c05b0\" data-id=\"27c05b0\" data-element_type=\"column\" data-e-type=\"column\">\n\t\t\t<div class=\"elementor-widget-wrap elementor-element-populated\">\n\t\t\t\t\t\t<div class=\"elementor-element elementor-element-155f7cd elementor-widget elementor-widget-text-editor\" data-id=\"155f7cd\" data-element_type=\"widget\" data-e-type=\"widget\" data-widget_type=\"text-editor.default\">\n\t\t\t\t<div class=\"elementor-widget-container\">\n\t\t\t\t\t\t\t\t\t<p>100 &#8211; 240 V \/ 50 &#8211; 60 Hz <br \/>50 W<br \/>1 watch <br \/>&gt;50 \u00b5g\/min<br \/>-0.8 bar<br \/>92 mm <br \/>4.6 Kg<br \/>200 x 280 x 300 mm<\/p>\t\t\t\t\t\t\t\t<\/div>\n\t\t\t\t<\/div>\n\t\t\t\t\t<\/div>\n\t\t<\/div>\n\t\t\t\t\t<\/div>\n\t\t<\/section>\n\t\t\t\t<section class=\"elementor-section elementor-inner-section elementor-element elementor-element-983eab7 elementor-section-boxed elementor-section-height-default elementor-section-height-default\" data-id=\"983eab7\" data-element_type=\"section\" data-e-type=\"section\">\n\t\t\t\t\t\t<div class=\"elementor-container elementor-column-gap-default\">\n\t\t\t\t\t<div class=\"elementor-column elementor-col-33 elementor-inner-column elementor-element elementor-element-a24699d\" data-id=\"a24699d\" data-element_type=\"column\" data-e-type=\"column\">\n\t\t\t<div class=\"elementor-widget-wrap\">\n\t\t\t\t\t\t\t<\/div>\n\t\t<\/div>\n\t\t\t\t<div class=\"elementor-column elementor-col-33 elementor-inner-column elementor-element elementor-element-09dc2d9\" data-id=\"09dc2d9\" data-element_type=\"column\" data-e-type=\"column\">\n\t\t\t<div class=\"elementor-widget-wrap elementor-element-populated\">\n\t\t\t\t\t\t<div class=\"elementor-element elementor-element-9f5795c elementor-widget elementor-widget-image\" data-id=\"9f5795c\" data-element_type=\"widget\" data-e-type=\"widget\" data-widget_type=\"image.default\">\n\t\t\t\t<div class=\"elementor-widget-container\">\n\t\t\t\t\t\t\t\t\t\t\t\t\t\t\t<img decoding=\"async\" width=\"1024\" height=\"682\" data-src=\"https:\/\/www.roxer.ch\/wp-content\/uploads\/2021\/12\/DIABOLIC-002-1024x682.png\" class=\"attachment-large size-large wp-image-1136 lazyload\" alt=\"\" data-srcset=\"https:\/\/www.roxer.ch\/wp-content\/uploads\/2021\/12\/DIABOLIC-002-1024x682.png 1024w, https:\/\/www.roxer.ch\/wp-content\/uploads\/2021\/12\/DIABOLIC-002-800x533.png 800w, https:\/\/www.roxer.ch\/wp-content\/uploads\/2021\/12\/DIABOLIC-002-300x200.png 300w, https:\/\/www.roxer.ch\/wp-content\/uploads\/2021\/12\/DIABOLIC-002-768x512.png 768w, https:\/\/www.roxer.ch\/wp-content\/uploads\/2021\/12\/DIABOLIC-002-1536x1023.png 1536w, https:\/\/www.roxer.ch\/wp-content\/uploads\/2021\/12\/DIABOLIC-002.png 2048w, https:\/\/www.roxer.ch\/wp-content\/uploads\/2021\/12\/DIABOLIC-002-219x146.png 219w, https:\/\/www.roxer.ch\/wp-content\/uploads\/2021\/12\/DIABOLIC-002-50x33.png 50w, https:\/\/www.roxer.ch\/wp-content\/uploads\/2021\/12\/DIABOLIC-002-113x75.png 113w, https:\/\/www.roxer.ch\/wp-content\/uploads\/2021\/12\/DIABOLIC-002-600x400.png 600w\" data-sizes=\"(max-width:767px) 480px, (max-width:1024px) 100vw, 1024px\" src=\"data:image\/svg+xml;base64,PHN2ZyB3aWR0aD0iMSIgaGVpZ2h0PSIxIiB4bWxucz0iaHR0cDovL3d3dy53My5vcmcvMjAwMC9zdmciPjwvc3ZnPg==\" style=\"--smush-placeholder-width: 1024px; --smush-placeholder-aspect-ratio: 1024\/682;\" \/>\t\t\t\t\t\t\t\t\t\t\t\t\t\t\t<\/div>\n\t\t\t\t<\/div>\n\t\t\t\t\t<\/div>\n\t\t<\/div>\n\t\t\t\t<div class=\"elementor-column elementor-col-33 elementor-inner-column elementor-element elementor-element-c9a7dac\" data-id=\"c9a7dac\" data-element_type=\"column\" data-e-type=\"column\">\n\t\t\t<div class=\"elementor-widget-wrap\">\n\t\t\t\t\t\t\t<\/div>\n\t\t<\/div>\n\t\t\t\t\t<\/div>\n\t\t<\/section>\n\t\t\t\t\t<\/div>\n\t\t<\/div>\n\t\t\t\t\t<\/div>\n\t\t<\/section>\n\t\t\t\t<section class=\"elementor-section elementor-top-section elementor-element elementor-element-10d9c88b elementor-section-content-middle elementor-section-stretched product-rubrique dl-pdf elementor-section-boxed elementor-section-height-default elementor-section-height-default\" data-id=\"10d9c88b\" data-element_type=\"section\" data-e-type=\"section\" data-settings=\"{&quot;stretch_section&quot;:&quot;section-stretched&quot;}\">\n\t\t\t\t\t\t<div class=\"elementor-container elementor-column-gap-default\">\n\t\t\t\t\t<div class=\"elementor-column elementor-col-100 elementor-top-column elementor-element elementor-element-4f9629f5\" data-id=\"4f9629f5\" data-element_type=\"column\" data-e-type=\"column\">\n\t\t\t<div class=\"elementor-widget-wrap elementor-element-populated\">\n\t\t\t\t\t\t<div class=\"elementor-element elementor-element-3c231480 elementor-widget elementor-widget-heading\" data-id=\"3c231480\" data-element_type=\"widget\" data-e-type=\"widget\" data-widget_type=\"heading.default\">\n\t\t\t\t<div class=\"elementor-widget-container\">\n\t\t\t\t\t<h3 class=\"elementor-heading-title elementor-size-default\">download the technical sheet<\/h3>\t\t\t\t<\/div>\n\t\t\t\t<\/div>\n\t\t\t\t<div class=\"elementor-element elementor-element-511fa1d1 elementor-align-center elementor-widget elementor-widget-button\" data-id=\"511fa1d1\" data-element_type=\"widget\" data-e-type=\"widget\" data-widget_type=\"button.default\">\n\t\t\t\t<div class=\"elementor-widget-container\">\n\t\t\t\t\t\t\t\t\t<div class=\"elementor-button-wrapper\">\n\t\t\t\t\t<a class=\"elementor-button elementor-button-link elementor-size-lg\" href=\"https:\/\/www.roxer.ch\/wp-content\/uploads\/2024\/05\/1190-Diabolic-E_V1.1_FR_20230616.pdf\" target=\"_blank\">\n\t\t\t\t\t\t<span class=\"elementor-button-content-wrapper\">\n\t\t\t\t\t\t<span class=\"elementor-button-icon\">\n\t\t\t\t<i aria-hidden=\"true\" class=\"far fa-file-pdf\"><\/i>\t\t\t<\/span>\n\t\t\t\t\t\t\t\t\t<span class=\"elementor-button-text\">PDF - FR<\/span>\n\t\t\t\t\t<\/span>\n\t\t\t\t\t<\/a>\n\t\t\t\t<\/div>\n\t\t\t\t\t\t\t\t<\/div>\n\t\t\t\t<\/div>\n\t\t\t\t<div class=\"elementor-element elementor-element-d3836f0 elementor-align-center elementor-widget elementor-widget-button\" data-id=\"d3836f0\" data-element_type=\"widget\" data-e-type=\"widget\" data-widget_type=\"button.default\">\n\t\t\t\t<div class=\"elementor-widget-container\">\n\t\t\t\t\t\t\t\t\t<div class=\"elementor-button-wrapper\">\n\t\t\t\t\t<a class=\"elementor-button elementor-button-link elementor-size-lg\" href=\"https:\/\/www.roxer.ch\/wp-content\/uploads\/2024\/05\/2190-Diabolic-E_V1.1_EN_20230616.pdf\" target=\"_blank\">\n\t\t\t\t\t\t<span class=\"elementor-button-content-wrapper\">\n\t\t\t\t\t\t<span class=\"elementor-button-icon\">\n\t\t\t\t<i aria-hidden=\"true\" class=\"far fa-file-pdf\"><\/i>\t\t\t<\/span>\n\t\t\t\t\t\t\t\t\t<span class=\"elementor-button-text\">PDF - EN<\/span>\n\t\t\t\t\t<\/span>\n\t\t\t\t\t<\/a>\n\t\t\t\t<\/div>\n\t\t\t\t\t\t\t\t<\/div>\n\t\t\t\t<\/div>\n\t\t\t\t<div class=\"elementor-element elementor-element-1a37afe elementor-widget elementor-widget-spacer\" data-id=\"1a37afe\" data-element_type=\"widget\" data-e-type=\"widget\" data-widget_type=\"spacer.default\">\n\t\t\t\t<div class=\"elementor-widget-container\">\n\t\t\t\t\t\t\t<div class=\"elementor-spacer\">\n\t\t\t<div class=\"elementor-spacer-inner\"><\/div>\n\t\t<\/div>\n\t\t\t\t\t\t<\/div>\n\t\t\t\t<\/div>\n\t\t\t\t\t<\/div>\n\t\t<\/div>\n\t\t\t\t\t<\/div>\n\t\t<\/section>\n\t\t\t\t<\/div>","protected":false},"excerpt":{"rendered":"<p>DIABOLIC E Localisateur de fuite Enginered and made in Switzerland Appareil servant \u00e0 localiser visuellement les fuites dans une t\u00eate de montre. Des bulles apparaissent aux<span class=\"excerpt-hellip\"> [\u2026]<\/span><\/p>\n","protected":false},"featured_media":1135,"template":"","meta":[],"product_brand":[],"product_cat":[23],"product_tag":[],"class_list":{"0":"post-1475","1":"product","2":"type-product","3":"status-publish","4":"has-post-thumbnail","6":"product_cat-etancheite-eau","8":"first","9":"instock","10":"virtual","11":"product-type-simple"},"yoast_head":"<!-- This site is optimized with the Yoast SEO plugin v27.0 - https:\/\/yoast.com\/product\/yoast-seo-wordpress\/ -->\n<title>DIABOLIC E - Roxer<\/title>\n<meta name=\"description\" content=\"Appareil servant \u00e0 localiser visuellement les fuites dans une t\u00eate de montre. Des bulles apparaissent aux endroits non-\u00e9tanches.\" \/>\n<meta name=\"robots\" content=\"index, follow, max-snippet:-1, max-image-preview:large, max-video-preview:-1\" \/>\n<link rel=\"canonical\" href=\"https:\/\/www.roxer.ch\/en\/product\/diabolic-e\/\" \/>\n<meta property=\"og:locale\" content=\"en_GB\" \/>\n<meta property=\"og:type\" content=\"article\" \/>\n<meta property=\"og:title\" content=\"DIABOLIC E - Roxer\" \/>\n<meta property=\"og:description\" content=\"Appareil servant \u00e0 localiser visuellement les fuites dans une t\u00eate de montre. Des bulles apparaissent aux endroits non-\u00e9tanches.\" \/>\n<meta property=\"og:url\" content=\"https:\/\/www.roxer.ch\/en\/product\/diabolic-e\/\" \/>\n<meta property=\"og:site_name\" content=\"Roxer\" \/>\n<meta property=\"article:modified_time\" content=\"2024-05-30T13:00:34+00:00\" \/>\n<meta property=\"og:image\" content=\"https:\/\/www.roxer.ch\/wp-content\/uploads\/2021\/12\/DIABOLIC-001-1024x1024.png\" \/>\n\t<meta property=\"og:image:width\" content=\"1024\" \/>\n\t<meta property=\"og:image:height\" content=\"1024\" \/>\n\t<meta property=\"og:image:type\" content=\"image\/png\" \/>\n<meta name=\"twitter:card\" content=\"summary_large_image\" \/>\n<meta name=\"twitter:label1\" content=\"Estimated reading time\" \/>\n\t<meta name=\"twitter:data1\" content=\"1 minute\" \/>\n<script type=\"application\/ld+json\" class=\"yoast-schema-graph\">{\"@context\":\"https:\/\/schema.org\",\"@graph\":[{\"@type\":\"WebPage\",\"@id\":\"https:\/\/www.roxer.ch\/produit\/diabolic-e\/\",\"url\":\"https:\/\/www.roxer.ch\/produit\/diabolic-e\/\",\"name\":\"DIABOLIC E - Roxer\",\"isPartOf\":{\"@id\":\"https:\/\/www.roxer.ch\/#website\"},\"primaryImageOfPage\":{\"@id\":\"https:\/\/www.roxer.ch\/produit\/diabolic-e\/#primaryimage\"},\"image\":{\"@id\":\"https:\/\/www.roxer.ch\/produit\/diabolic-e\/#primaryimage\"},\"thumbnailUrl\":\"https:\/\/www.roxer.ch\/wp-content\/uploads\/2021\/12\/DIABOLIC-001.png\",\"datePublished\":\"2021-12-14T09:20:41+00:00\",\"dateModified\":\"2024-05-30T13:00:34+00:00\",\"description\":\"Appareil servant \u00e0 localiser visuellement les fuites dans une t\u00eate de montre. Des bulles apparaissent aux endroits non-\u00e9tanches.\",\"breadcrumb\":{\"@id\":\"https:\/\/www.roxer.ch\/produit\/diabolic-e\/#breadcrumb\"},\"inLanguage\":\"en-GB\",\"potentialAction\":[{\"@type\":\"ReadAction\",\"target\":[\"https:\/\/www.roxer.ch\/produit\/diabolic-e\/\"]}]},{\"@type\":\"ImageObject\",\"inLanguage\":\"en-GB\",\"@id\":\"https:\/\/www.roxer.ch\/produit\/diabolic-e\/#primaryimage\",\"url\":\"https:\/\/www.roxer.ch\/wp-content\/uploads\/2021\/12\/DIABOLIC-001.png\",\"contentUrl\":\"https:\/\/www.roxer.ch\/wp-content\/uploads\/2021\/12\/DIABOLIC-001.png\",\"width\":2048,\"height\":2048},{\"@type\":\"BreadcrumbList\",\"@id\":\"https:\/\/www.roxer.ch\/produit\/diabolic-e\/#breadcrumb\",\"itemListElement\":[{\"@type\":\"ListItem\",\"position\":1,\"name\":\"Accueil\",\"item\":\"https:\/\/www.roxer.ch\/\"},{\"@type\":\"ListItem\",\"position\":2,\"name\":\"Produits\",\"item\":\"https:\/\/www.roxer.ch\/shop\/\"},{\"@type\":\"ListItem\",\"position\":3,\"name\":\"DIABOLIC E\"}]},{\"@type\":\"WebSite\",\"@id\":\"https:\/\/www.roxer.ch\/#website\",\"url\":\"https:\/\/www.roxer.ch\/\",\"name\":\"Roxer\",\"description\":\"\",\"publisher\":{\"@id\":\"https:\/\/www.roxer.ch\/#organization\"},\"potentialAction\":[{\"@type\":\"SearchAction\",\"target\":{\"@type\":\"EntryPoint\",\"urlTemplate\":\"https:\/\/www.roxer.ch\/?s={search_term_string}\"},\"query-input\":{\"@type\":\"PropertyValueSpecification\",\"valueRequired\":true,\"valueName\":\"search_term_string\"}}],\"inLanguage\":\"en-GB\"},{\"@type\":\"Organization\",\"@id\":\"https:\/\/www.roxer.ch\/#organization\",\"name\":\"Roxer\",\"url\":\"https:\/\/www.roxer.ch\/\",\"logo\":{\"@type\":\"ImageObject\",\"inLanguage\":\"en-GB\",\"@id\":\"https:\/\/www.roxer.ch\/#\/schema\/logo\/image\/\",\"url\":\"https:\/\/www.roxer.ch\/wp-content\/uploads\/2022\/02\/cropped-logoRoxer-scaled-1-jpg.webp\",\"contentUrl\":\"https:\/\/www.roxer.ch\/wp-content\/uploads\/2022\/02\/cropped-logoRoxer-scaled-1-jpg.webp\",\"width\":260,\"height\":80,\"caption\":\"Roxer\"},\"image\":{\"@id\":\"https:\/\/www.roxer.ch\/#\/schema\/logo\/image\/\"}}]}<\/script>\n<!-- \/ Yoast SEO plugin. -->","yoast_head_json":{"title":"DIABOLIC E - Roxer","description":"A device for visually locating leaks in a watch head. Bubbles appear in non-leaking areas.","robots":{"index":"index","follow":"follow","max-snippet":"max-snippet:-1","max-image-preview":"max-image-preview:large","max-video-preview":"max-video-preview:-1"},"canonical":"https:\/\/www.roxer.ch\/en\/product\/diabolic-e\/","og_locale":"en_GB","og_type":"article","og_title":"DIABOLIC E - Roxer","og_description":"Appareil servant \u00e0 localiser visuellement les fuites dans une t\u00eate de montre. Des bulles apparaissent aux endroits non-\u00e9tanches.","og_url":"https:\/\/www.roxer.ch\/en\/product\/diabolic-e\/","og_site_name":"Roxer","article_modified_time":"2024-05-30T13:00:34+00:00","og_image":[{"width":1024,"height":1024,"url":"https:\/\/www.roxer.ch\/wp-content\/uploads\/2021\/12\/DIABOLIC-001-1024x1024.png","type":"image\/png"}],"twitter_card":"summary_large_image","twitter_misc":{"Estimated reading time":"1 minute"},"schema":{"@context":"https:\/\/schema.org","@graph":[{"@type":"WebPage","@id":"https:\/\/www.roxer.ch\/produit\/diabolic-e\/","url":"https:\/\/www.roxer.ch\/produit\/diabolic-e\/","name":"DIABOLIC E - Roxer","isPartOf":{"@id":"https:\/\/www.roxer.ch\/#website"},"primaryImageOfPage":{"@id":"https:\/\/www.roxer.ch\/produit\/diabolic-e\/#primaryimage"},"image":{"@id":"https:\/\/www.roxer.ch\/produit\/diabolic-e\/#primaryimage"},"thumbnailUrl":"https:\/\/www.roxer.ch\/wp-content\/uploads\/2021\/12\/DIABOLIC-001.png","datePublished":"2021-12-14T09:20:41+00:00","dateModified":"2024-05-30T13:00:34+00:00","description":"A device for visually locating leaks in a watch head. Bubbles appear in non-leaking areas.","breadcrumb":{"@id":"https:\/\/www.roxer.ch\/produit\/diabolic-e\/#breadcrumb"},"inLanguage":"en-GB","potentialAction":[{"@type":"ReadAction","target":["https:\/\/www.roxer.ch\/produit\/diabolic-e\/"]}]},{"@type":"ImageObject","inLanguage":"en-GB","@id":"https:\/\/www.roxer.ch\/produit\/diabolic-e\/#primaryimage","url":"https:\/\/www.roxer.ch\/wp-content\/uploads\/2021\/12\/DIABOLIC-001.png","contentUrl":"https:\/\/www.roxer.ch\/wp-content\/uploads\/2021\/12\/DIABOLIC-001.png","width":2048,"height":2048},{"@type":"BreadcrumbList","@id":"https:\/\/www.roxer.ch\/produit\/diabolic-e\/#breadcrumb","itemListElement":[{"@type":"ListItem","position":1,"name":"Accueil","item":"https:\/\/www.roxer.ch\/"},{"@type":"ListItem","position":2,"name":"Produits","item":"https:\/\/www.roxer.ch\/shop\/"},{"@type":"ListItem","position":3,"name":"DIABOLIC E"}]},{"@type":"WebSite","@id":"https:\/\/www.roxer.ch\/#website","url":"https:\/\/www.roxer.ch\/","name":"Roxer","description":"","publisher":{"@id":"https:\/\/www.roxer.ch\/#organization"},"potentialAction":[{"@type":"SearchAction","target":{"@type":"EntryPoint","urlTemplate":"https:\/\/www.roxer.ch\/?s={search_term_string}"},"query-input":{"@type":"PropertyValueSpecification","valueRequired":true,"valueName":"search_term_string"}}],"inLanguage":"en-GB"},{"@type":"Organization","@id":"https:\/\/www.roxer.ch\/#organization","name":"Roxer","url":"https:\/\/www.roxer.ch\/","logo":{"@type":"ImageObject","inLanguage":"en-GB","@id":"https:\/\/www.roxer.ch\/#\/schema\/logo\/image\/","url":"https:\/\/www.roxer.ch\/wp-content\/uploads\/2022\/02\/cropped-logoRoxer-scaled-1-jpg.webp","contentUrl":"https:\/\/www.roxer.ch\/wp-content\/uploads\/2022\/02\/cropped-logoRoxer-scaled-1-jpg.webp","width":260,"height":80,"caption":"Roxer"},"image":{"@id":"https:\/\/www.roxer.ch\/#\/schema\/logo\/image\/"}}]}},"_links":{"self":[{"href":"https:\/\/www.roxer.ch\/en\/wp-json\/wp\/v2\/product\/1475","targetHints":{"allow":["GET"]}}],"collection":[{"href":"https:\/\/www.roxer.ch\/en\/wp-json\/wp\/v2\/product"}],"about":[{"href":"https:\/\/www.roxer.ch\/en\/wp-json\/wp\/v2\/types\/product"}],"version-history":[{"count":20,"href":"https:\/\/www.roxer.ch\/en\/wp-json\/wp\/v2\/product\/1475\/revisions"}],"predecessor-version":[{"id":3364,"href":"https:\/\/www.roxer.ch\/en\/wp-json\/wp\/v2\/product\/1475\/revisions\/3364"}],"wp:featuredmedia":[{"embeddable":true,"href":"https:\/\/www.roxer.ch\/en\/wp-json\/wp\/v2\/media\/1135"}],"wp:attachment":[{"href":"https:\/\/www.roxer.ch\/en\/wp-json\/wp\/v2\/media?parent=1475"}],"wp:term":[{"taxonomy":"product_brand","embeddable":true,"href":"https:\/\/www.roxer.ch\/en\/wp-json\/wp\/v2\/product_brand?post=1475"},{"taxonomy":"product_cat","embeddable":true,"href":"https:\/\/www.roxer.ch\/en\/wp-json\/wp\/v2\/product_cat?post=1475"},{"taxonomy":"product_tag","embeddable":true,"href":"https:\/\/www.roxer.ch\/en\/wp-json\/wp\/v2\/product_tag?post=1475"}],"curies":[{"name":"wp","href":"https:\/\/api.w.org\/{rel}","templated":true}]}}