{"id":2054,"date":"2022-03-24T10:05:08","date_gmt":"2022-03-24T09:05:08","guid":{"rendered":"https:\/\/www.roxer.ch\/?post_type=product&#038;p=2054"},"modified":"2022-08-09T12:21:20","modified_gmt":"2022-08-09T10:21:20","slug":"outillage-de-controle","status":"publish","type":"product","link":"https:\/\/www.roxer.ch\/en\/product\/outillage-de-controle\/","title":{"rendered":"CONTROL TOOLS"},"content":{"rendered":"<div data-elementor-type=\"wp-post\" data-elementor-id=\"2054\" class=\"elementor elementor-2054\">\n\t\t\t\t\t\t<section class=\"elementor-section elementor-top-section elementor-element elementor-element-969e026 elementor-section-stretched product-rubrique elementor-section-boxed elementor-section-height-default elementor-section-height-default\" data-id=\"969e026\" data-element_type=\"section\" data-e-type=\"section\" data-settings=\"{&quot;stretch_section&quot;:&quot;section-stretched&quot;}\">\n\t\t\t\t\t\t<div class=\"elementor-container elementor-column-gap-default\">\n\t\t\t\t\t<div class=\"elementor-column elementor-col-50 elementor-top-column elementor-element elementor-element-74aedfc\" data-id=\"74aedfc\" data-element_type=\"column\" data-e-type=\"column\">\n\t\t\t<div class=\"elementor-widget-wrap elementor-element-populated\">\n\t\t\t\t\t\t<div class=\"elementor-element elementor-element-d282273 elementor-widget elementor-widget-wp-widget-alg_back_button_wp_widget\" data-id=\"d282273\" data-element_type=\"widget\" data-e-type=\"widget\" data-widget_type=\"wp-widget-alg_back_button_wp_widget.default\">\n\t\t\t\t<div class=\"elementor-widget-container\">\n\t\t\t\t\t<input type=\"button\" value=\"&lt; Retour\" class=\"alg_back_button_input\" style=\"\" onclick=\"window.history.back()\" \/>\t\t\t\t<\/div>\n\t\t\t\t<\/div>\n\t\t\t\t<div class=\"elementor-element elementor-element-5363cd7 elementor-widget elementor-widget-heading\" data-id=\"5363cd7\" data-element_type=\"widget\" data-e-type=\"widget\" data-widget_type=\"heading.default\">\n\t\t\t\t<div class=\"elementor-widget-container\">\n\t\t\t\t\t<h2 class=\"elementor-heading-title elementor-size-default\">CONTROL TOOLS<\/h2>\t\t\t\t<\/div>\n\t\t\t\t<\/div>\n\t\t\t\t<div class=\"elementor-element elementor-element-2a60289 elementor-widget elementor-widget-text-editor\" data-id=\"2a60289\" data-element_type=\"widget\" data-e-type=\"widget\" data-widget_type=\"text-editor.default\">\n\t\t\t\t<div class=\"elementor-widget-container\">\n\t\t\t\t\t\t\t\t\t<p class=\"textenormal\"><i class=\"flag-icon flag-icon-ch flag-icon-squared\" aria-hidden=\"true\"><\/i> Enginered and made in Switzerland<\/p>\t\t\t\t\t\t\t\t<\/div>\n\t\t\t\t<\/div>\n\t\t\t\t\t<\/div>\n\t\t<\/div>\n\t\t\t\t<div class=\"elementor-column elementor-col-50 elementor-top-column elementor-element elementor-element-cc4008c\" data-id=\"cc4008c\" data-element_type=\"column\" data-e-type=\"column\">\n\t\t\t<div class=\"elementor-widget-wrap elementor-element-populated\">\n\t\t\t\t\t\t\t<\/div>\n\t\t<\/div>\n\t\t\t\t\t<\/div>\n\t\t<\/section>\n\t\t\t\t<section class=\"elementor-section elementor-top-section elementor-element elementor-element-5337e6e elementor-section-content-middle elementor-section-stretched product-rubrique elementor-section-boxed elementor-section-height-default elementor-section-height-default\" data-id=\"5337e6e\" data-element_type=\"section\" data-e-type=\"section\" data-settings=\"{&quot;stretch_section&quot;:&quot;section-stretched&quot;}\">\n\t\t\t\t\t\t<div class=\"elementor-container elementor-column-gap-wider\">\n\t\t\t\t\t<div class=\"elementor-column elementor-col-50 elementor-top-column elementor-element elementor-element-5f68c6c\" data-id=\"5f68c6c\" data-element_type=\"column\" data-e-type=\"column\">\n\t\t\t<div class=\"elementor-widget-wrap elementor-element-populated\">\n\t\t\t\t\t\t<div class=\"elementor-element elementor-element-44d2786 elementor-widget elementor-widget-heading\" data-id=\"44d2786\" data-element_type=\"widget\" data-e-type=\"widget\" data-widget_type=\"heading.default\">\n\t\t\t\t<div class=\"elementor-widget-container\">\n\t\t\t\t\t<h3 class=\"elementor-heading-title elementor-size-default\">Height block for Z axis adjustment<\/h3>\t\t\t\t<\/div>\n\t\t\t\t<\/div>\n\t\t\t\t<div class=\"elementor-element elementor-element-91529fb elementor-widget elementor-widget-text-editor\" data-id=\"91529fb\" data-element_type=\"widget\" data-e-type=\"widget\" data-widget_type=\"text-editor.default\">\n\t\t\t\t<div class=\"elementor-widget-container\">\n\t\t\t\t\t\t\t\t\t<ul><li>Z axis adjustment for MAAI CN8<\/li><\/ul><p>\u00a0<\/p><p class=\"texte\"><span lang=\"FR\" style=\"letter-spacing: .2pt;\">This block allows to control and adjust the origin of the Z axis oft he machine.<\/span><\/p>\t\t\t\t\t\t\t\t<\/div>\n\t\t\t\t<\/div>\n\t\t\t\t\t<\/div>\n\t\t<\/div>\n\t\t\t\t<div class=\"elementor-column elementor-col-50 elementor-top-column elementor-element elementor-element-9b2711e\" data-id=\"9b2711e\" data-element_type=\"column\" data-e-type=\"column\">\n\t\t\t<div class=\"elementor-widget-wrap elementor-element-populated\">\n\t\t\t\t\t\t<div class=\"elementor-element elementor-element-ebeb7fc elementor-widget elementor-widget-image\" data-id=\"ebeb7fc\" data-element_type=\"widget\" data-e-type=\"widget\" data-widget_type=\"image.default\">\n\t\t\t\t<div class=\"elementor-widget-container\">\n\t\t\t\t\t\t\t\t\t\t\t\t\t\t\t<img fetchpriority=\"high\" decoding=\"async\" width=\"731\" height=\"733\" src=\"https:\/\/www.roxer.ch\/wp-content\/uploads\/2022\/03\/MAAI-CN8-021.png\" class=\"attachment-large size-large wp-image-2060\" alt=\"\" srcset=\"https:\/\/www.roxer.ch\/wp-content\/uploads\/2022\/03\/MAAI-CN8-021.png 731w, https:\/\/www.roxer.ch\/wp-content\/uploads\/2022\/03\/MAAI-CN8-021-300x300.png 300w, https:\/\/www.roxer.ch\/wp-content\/uploads\/2022\/03\/MAAI-CN8-021-600x602.png 600w, https:\/\/www.roxer.ch\/wp-content\/uploads\/2022\/03\/MAAI-CN8-021-150x150.png 150w, https:\/\/www.roxer.ch\/wp-content\/uploads\/2022\/03\/MAAI-CN8-021-146x146.png 146w, https:\/\/www.roxer.ch\/wp-content\/uploads\/2022\/03\/MAAI-CN8-021-50x50.png 50w, https:\/\/www.roxer.ch\/wp-content\/uploads\/2022\/03\/MAAI-CN8-021-75x75.png 75w, https:\/\/www.roxer.ch\/wp-content\/uploads\/2022\/03\/MAAI-CN8-021-85x85.png 85w, https:\/\/www.roxer.ch\/wp-content\/uploads\/2022\/03\/MAAI-CN8-021-80x80.png 80w\" sizes=\"(max-width:767px) 480px, 731px\" \/>\t\t\t\t\t\t\t\t\t\t\t\t\t\t\t<\/div>\n\t\t\t\t<\/div>\n\t\t\t\t\t<\/div>\n\t\t<\/div>\n\t\t\t\t\t<\/div>\n\t\t<\/section>\n\t\t\t\t<section class=\"elementor-section elementor-top-section elementor-element elementor-element-ace3bca elementor-section-content-middle elementor-section-stretched product-rubrique elementor-section-boxed elementor-section-height-default elementor-section-height-default\" data-id=\"ace3bca\" data-element_type=\"section\" data-e-type=\"section\" data-settings=\"{&quot;stretch_section&quot;:&quot;section-stretched&quot;}\">\n\t\t\t\t\t\t<div class=\"elementor-container elementor-column-gap-wider\">\n\t\t\t\t\t<div class=\"elementor-column elementor-col-50 elementor-top-column elementor-element elementor-element-9bdf891\" data-id=\"9bdf891\" data-element_type=\"column\" data-e-type=\"column\">\n\t\t\t<div class=\"elementor-widget-wrap elementor-element-populated\">\n\t\t\t\t\t\t<div class=\"elementor-element elementor-element-a9925c1 elementor-widget elementor-widget-image\" data-id=\"a9925c1\" data-element_type=\"widget\" data-e-type=\"widget\" data-widget_type=\"image.default\">\n\t\t\t\t<div class=\"elementor-widget-container\">\n\t\t\t\t\t\t\t\t\t\t\t\t\t\t\t<img decoding=\"async\" width=\"1000\" height=\"1000\" data-src=\"https:\/\/www.roxer.ch\/wp-content\/uploads\/2022\/03\/MAAI-CN8-020.png\" class=\"attachment-large size-large wp-image-2059 lazyload\" alt=\"\" data-srcset=\"https:\/\/www.roxer.ch\/wp-content\/uploads\/2022\/03\/MAAI-CN8-020.png 1000w, https:\/\/www.roxer.ch\/wp-content\/uploads\/2022\/03\/MAAI-CN8-020-800x800.png 800w, https:\/\/www.roxer.ch\/wp-content\/uploads\/2022\/03\/MAAI-CN8-020-300x300.png 300w, https:\/\/www.roxer.ch\/wp-content\/uploads\/2022\/03\/MAAI-CN8-020-150x150.png 150w, https:\/\/www.roxer.ch\/wp-content\/uploads\/2022\/03\/MAAI-CN8-020-768x768.png 768w, https:\/\/www.roxer.ch\/wp-content\/uploads\/2022\/03\/MAAI-CN8-020-146x146.png 146w, https:\/\/www.roxer.ch\/wp-content\/uploads\/2022\/03\/MAAI-CN8-020-50x50.png 50w, https:\/\/www.roxer.ch\/wp-content\/uploads\/2022\/03\/MAAI-CN8-020-75x75.png 75w, https:\/\/www.roxer.ch\/wp-content\/uploads\/2022\/03\/MAAI-CN8-020-85x85.png 85w, https:\/\/www.roxer.ch\/wp-content\/uploads\/2022\/03\/MAAI-CN8-020-80x80.png 80w, https:\/\/www.roxer.ch\/wp-content\/uploads\/2022\/03\/MAAI-CN8-020-600x600.png 600w\" data-sizes=\"(max-width:767px) 480px, (max-width:1000px) 100vw, 1000px\" src=\"data:image\/svg+xml;base64,PHN2ZyB3aWR0aD0iMSIgaGVpZ2h0PSIxIiB4bWxucz0iaHR0cDovL3d3dy53My5vcmcvMjAwMC9zdmciPjwvc3ZnPg==\" style=\"--smush-placeholder-width: 1000px; --smush-placeholder-aspect-ratio: 1000\/1000;\" \/>\t\t\t\t\t\t\t\t\t\t\t\t\t\t\t<\/div>\n\t\t\t\t<\/div>\n\t\t\t\t\t<\/div>\n\t\t<\/div>\n\t\t\t\t<div class=\"elementor-column elementor-col-50 elementor-top-column elementor-element elementor-element-7fded96\" data-id=\"7fded96\" data-element_type=\"column\" data-e-type=\"column\">\n\t\t\t<div class=\"elementor-widget-wrap elementor-element-populated\">\n\t\t\t\t\t\t<div class=\"elementor-element elementor-element-7febbea elementor-widget elementor-widget-heading\" data-id=\"7febbea\" data-element_type=\"widget\" data-e-type=\"widget\" data-widget_type=\"heading.default\">\n\t\t\t\t<div class=\"elementor-widget-container\">\n\t\t\t\t\t<h3 class=\"elementor-heading-title elementor-size-default\">Tool bar system with control spindle holder<\/h3>\t\t\t\t<\/div>\n\t\t\t\t<\/div>\n\t\t\t\t<div class=\"elementor-element elementor-element-8de16ca elementor-widget elementor-widget-text-editor\" data-id=\"8de16ca\" data-element_type=\"widget\" data-e-type=\"widget\" data-widget_type=\"text-editor.default\">\n\t\t\t\t<div class=\"elementor-widget-container\">\n\t\t\t\t\t\t\t\t\t<ul><li>Spindles alignment control<\/li><li>Centering control of the movement holder<\/li><\/ul><p>\u00a0<\/p><p class=\"texte\"><span lang=\"FR\" style=\"letter-spacing: .2pt;\">Tools allowing easy control of alignments and centering of our semi-automatic hand fitting machine MAAI CN8<\/span><\/p>\t\t\t\t\t\t\t\t<\/div>\n\t\t\t\t<\/div>\n\t\t\t\t\t<\/div>\n\t\t<\/div>\n\t\t\t\t\t<\/div>\n\t\t<\/section>\n\t\t\t\t<section class=\"elementor-section elementor-top-section elementor-element elementor-element-8fec745 elementor-section-content-middle elementor-section-stretched product-rubrique dl-pdf elementor-section-boxed elementor-section-height-default elementor-section-height-default\" data-id=\"8fec745\" data-element_type=\"section\" data-e-type=\"section\" data-settings=\"{&quot;stretch_section&quot;:&quot;section-stretched&quot;}\">\n\t\t\t\t\t\t<div class=\"elementor-container elementor-column-gap-default\">\n\t\t\t\t\t<div class=\"elementor-column elementor-col-100 elementor-top-column elementor-element elementor-element-9d97a28\" data-id=\"9d97a28\" data-element_type=\"column\" data-e-type=\"column\">\n\t\t\t<div class=\"elementor-widget-wrap elementor-element-populated\">\n\t\t\t\t\t\t<div class=\"elementor-element elementor-element-22d1293 elementor-widget elementor-widget-heading\" data-id=\"22d1293\" data-element_type=\"widget\" data-e-type=\"widget\" data-widget_type=\"heading.default\">\n\t\t\t\t<div class=\"elementor-widget-container\">\n\t\t\t\t\t<h3 class=\"elementor-heading-title elementor-size-default\">download the technical sheet<\/h3>\t\t\t\t<\/div>\n\t\t\t\t<\/div>\n\t\t\t\t<div class=\"elementor-element elementor-element-b8db7ac elementor-align-center elementor-widget elementor-widget-button\" data-id=\"b8db7ac\" data-element_type=\"widget\" data-e-type=\"widget\" data-widget_type=\"button.default\">\n\t\t\t\t<div class=\"elementor-widget-container\">\n\t\t\t\t\t\t\t\t\t<div class=\"elementor-button-wrapper\">\n\t\t\t\t\t<a class=\"elementor-button elementor-button-link elementor-size-lg\" href=\"https:\/\/www.roxer.ch\/wp-content\/uploads\/2022\/08\/4.-Pose-aiguille_OUTILLAGE-DE-CONTROLE-CN8_EN_20220712.pdf\" target=\"_blank\">\n\t\t\t\t\t\t<span class=\"elementor-button-content-wrapper\">\n\t\t\t\t\t\t<span class=\"elementor-button-icon\">\n\t\t\t\t<i aria-hidden=\"true\" class=\"far fa-file-pdf\"><\/i>\t\t\t<\/span>\n\t\t\t\t\t\t\t\t\t<span class=\"elementor-button-text\">PDF document<\/span>\n\t\t\t\t\t<\/span>\n\t\t\t\t\t<\/a>\n\t\t\t\t<\/div>\n\t\t\t\t\t\t\t\t<\/div>\n\t\t\t\t<\/div>\n\t\t\t\t\t<\/div>\n\t\t<\/div>\n\t\t\t\t\t<\/div>\n\t\t<\/section>\n\t\t\t\t<\/div>","protected":false},"excerpt":{"rendered":"<p>OUTILLAGE DE CONTROLE Enginered and made in Switzerland Cale de hauteur pour r\u00e9glage axe Z R\u00e9glage de l\u2019axe Z pour MAAI CN8 \u00a0 Cette cale permet<span class=\"excerpt-hellip\"> [\u2026]<\/span><\/p>\n","protected":false},"featured_media":2059,"template":"","meta":[],"product_brand":[],"product_cat":[29],"product_tag":[],"class_list":{"0":"post-2054","1":"product","2":"type-product","3":"status-publish","4":"has-post-thumbnail","6":"product_cat-pose-aiguilles","8":"first","9":"instock","10":"virtual","11":"product-type-simple"},"yoast_head":"<!-- This site is optimized with the Yoast SEO plugin v27.0 - https:\/\/yoast.com\/product\/yoast-seo-wordpress\/ -->\n<title>OUTILLAGE DE CONTROLE - Roxer<\/title>\n<meta name=\"description\" content=\"L&#039;outillage de contr\u00f4le est un cale de hauteur pour r\u00e9glage axe Z qui permet de contr\u00f4ler et r\u00e9gler l\u2019origine de l\u2019axe Z de la machine.\" \/>\n<meta name=\"robots\" content=\"index, follow, max-snippet:-1, max-image-preview:large, max-video-preview:-1\" \/>\n<link rel=\"canonical\" href=\"https:\/\/www.roxer.ch\/en\/product\/outillage-de-controle\/\" \/>\n<meta property=\"og:locale\" content=\"en_GB\" \/>\n<meta property=\"og:type\" content=\"article\" \/>\n<meta property=\"og:title\" content=\"OUTILLAGE DE CONTROLE - Roxer\" \/>\n<meta property=\"og:description\" content=\"L&#039;outillage de contr\u00f4le est un cale de hauteur pour r\u00e9glage axe Z qui permet de contr\u00f4ler et r\u00e9gler l\u2019origine de l\u2019axe Z de la machine.\" \/>\n<meta property=\"og:url\" content=\"https:\/\/www.roxer.ch\/en\/product\/outillage-de-controle\/\" \/>\n<meta property=\"og:site_name\" content=\"Roxer\" \/>\n<meta property=\"article:modified_time\" content=\"2022-08-09T10:21:20+00:00\" \/>\n<meta property=\"og:image\" content=\"https:\/\/www.roxer.ch\/wp-content\/uploads\/2022\/03\/MAAI-CN8-020.png\" \/>\n\t<meta property=\"og:image:width\" content=\"1000\" \/>\n\t<meta property=\"og:image:height\" content=\"1000\" \/>\n\t<meta property=\"og:image:type\" content=\"image\/png\" \/>\n<meta name=\"twitter:card\" content=\"summary_large_image\" \/>\n<meta name=\"twitter:label1\" content=\"Estimated reading time\" \/>\n\t<meta name=\"twitter:data1\" content=\"4 minutes\" \/>\n<script type=\"application\/ld+json\" class=\"yoast-schema-graph\">{\"@context\":\"https:\/\/schema.org\",\"@graph\":[{\"@type\":\"WebPage\",\"@id\":\"https:\/\/www.roxer.ch\/produit\/outillage-de-controle\/\",\"url\":\"https:\/\/www.roxer.ch\/produit\/outillage-de-controle\/\",\"name\":\"OUTILLAGE DE CONTROLE - Roxer\",\"isPartOf\":{\"@id\":\"https:\/\/www.roxer.ch\/#website\"},\"primaryImageOfPage\":{\"@id\":\"https:\/\/www.roxer.ch\/produit\/outillage-de-controle\/#primaryimage\"},\"image\":{\"@id\":\"https:\/\/www.roxer.ch\/produit\/outillage-de-controle\/#primaryimage\"},\"thumbnailUrl\":\"https:\/\/www.roxer.ch\/wp-content\/uploads\/2022\/03\/MAAI-CN8-020.png\",\"datePublished\":\"2022-03-24T09:05:08+00:00\",\"dateModified\":\"2022-08-09T10:21:20+00:00\",\"description\":\"L'outillage de contr\u00f4le est un cale de hauteur pour r\u00e9glage axe Z qui permet de contr\u00f4ler et r\u00e9gler l\u2019origine de l\u2019axe Z de la machine.\",\"breadcrumb\":{\"@id\":\"https:\/\/www.roxer.ch\/produit\/outillage-de-controle\/#breadcrumb\"},\"inLanguage\":\"en-GB\",\"potentialAction\":[{\"@type\":\"ReadAction\",\"target\":[\"https:\/\/www.roxer.ch\/produit\/outillage-de-controle\/\"]}]},{\"@type\":\"ImageObject\",\"inLanguage\":\"en-GB\",\"@id\":\"https:\/\/www.roxer.ch\/produit\/outillage-de-controle\/#primaryimage\",\"url\":\"https:\/\/www.roxer.ch\/wp-content\/uploads\/2022\/03\/MAAI-CN8-020.png\",\"contentUrl\":\"https:\/\/www.roxer.ch\/wp-content\/uploads\/2022\/03\/MAAI-CN8-020.png\",\"width\":1000,\"height\":1000},{\"@type\":\"BreadcrumbList\",\"@id\":\"https:\/\/www.roxer.ch\/produit\/outillage-de-controle\/#breadcrumb\",\"itemListElement\":[{\"@type\":\"ListItem\",\"position\":1,\"name\":\"Accueil\",\"item\":\"https:\/\/www.roxer.ch\/\"},{\"@type\":\"ListItem\",\"position\":2,\"name\":\"Produits\",\"item\":\"https:\/\/www.roxer.ch\/shop\/\"},{\"@type\":\"ListItem\",\"position\":3,\"name\":\"OUTILLAGE DE CONTROLE\"}]},{\"@type\":\"WebSite\",\"@id\":\"https:\/\/www.roxer.ch\/#website\",\"url\":\"https:\/\/www.roxer.ch\/\",\"name\":\"Roxer\",\"description\":\"\",\"publisher\":{\"@id\":\"https:\/\/www.roxer.ch\/#organization\"},\"potentialAction\":[{\"@type\":\"SearchAction\",\"target\":{\"@type\":\"EntryPoint\",\"urlTemplate\":\"https:\/\/www.roxer.ch\/?s={search_term_string}\"},\"query-input\":{\"@type\":\"PropertyValueSpecification\",\"valueRequired\":true,\"valueName\":\"search_term_string\"}}],\"inLanguage\":\"en-GB\"},{\"@type\":\"Organization\",\"@id\":\"https:\/\/www.roxer.ch\/#organization\",\"name\":\"Roxer\",\"url\":\"https:\/\/www.roxer.ch\/\",\"logo\":{\"@type\":\"ImageObject\",\"inLanguage\":\"en-GB\",\"@id\":\"https:\/\/www.roxer.ch\/#\/schema\/logo\/image\/\",\"url\":\"https:\/\/www.roxer.ch\/wp-content\/uploads\/2022\/02\/cropped-logoRoxer-scaled-1-jpg.webp\",\"contentUrl\":\"https:\/\/www.roxer.ch\/wp-content\/uploads\/2022\/02\/cropped-logoRoxer-scaled-1-jpg.webp\",\"width\":260,\"height\":80,\"caption\":\"Roxer\"},\"image\":{\"@id\":\"https:\/\/www.roxer.ch\/#\/schema\/logo\/image\/\"}}]}<\/script>\n<!-- \/ Yoast SEO plugin. -->","yoast_head_json":{"title":"OUTILLAGE DE CONTROLE - Roxer","description":"L'outillage de contr\u00f4le est un cale de hauteur pour r\u00e9glage axe Z qui permet de contr\u00f4ler et r\u00e9gler l\u2019origine de l\u2019axe Z de la machine.","robots":{"index":"index","follow":"follow","max-snippet":"max-snippet:-1","max-image-preview":"max-image-preview:large","max-video-preview":"max-video-preview:-1"},"canonical":"https:\/\/www.roxer.ch\/en\/product\/outillage-de-controle\/","og_locale":"en_GB","og_type":"article","og_title":"OUTILLAGE DE CONTROLE - Roxer","og_description":"L'outillage de contr\u00f4le est un cale de hauteur pour r\u00e9glage axe Z qui permet de contr\u00f4ler et r\u00e9gler l\u2019origine de l\u2019axe Z de la machine.","og_url":"https:\/\/www.roxer.ch\/en\/product\/outillage-de-controle\/","og_site_name":"Roxer","article_modified_time":"2022-08-09T10:21:20+00:00","og_image":[{"width":1000,"height":1000,"url":"https:\/\/www.roxer.ch\/wp-content\/uploads\/2022\/03\/MAAI-CN8-020.png","type":"image\/png"}],"twitter_card":"summary_large_image","twitter_misc":{"Estimated reading time":"4 minutes"},"schema":{"@context":"https:\/\/schema.org","@graph":[{"@type":"WebPage","@id":"https:\/\/www.roxer.ch\/produit\/outillage-de-controle\/","url":"https:\/\/www.roxer.ch\/produit\/outillage-de-controle\/","name":"OUTILLAGE DE CONTROLE - Roxer","isPartOf":{"@id":"https:\/\/www.roxer.ch\/#website"},"primaryImageOfPage":{"@id":"https:\/\/www.roxer.ch\/produit\/outillage-de-controle\/#primaryimage"},"image":{"@id":"https:\/\/www.roxer.ch\/produit\/outillage-de-controle\/#primaryimage"},"thumbnailUrl":"https:\/\/www.roxer.ch\/wp-content\/uploads\/2022\/03\/MAAI-CN8-020.png","datePublished":"2022-03-24T09:05:08+00:00","dateModified":"2022-08-09T10:21:20+00:00","description":"L'outillage de contr\u00f4le est un cale de hauteur pour r\u00e9glage axe Z qui permet de contr\u00f4ler et r\u00e9gler l\u2019origine de l\u2019axe Z de la machine.","breadcrumb":{"@id":"https:\/\/www.roxer.ch\/produit\/outillage-de-controle\/#breadcrumb"},"inLanguage":"en-GB","potentialAction":[{"@type":"ReadAction","target":["https:\/\/www.roxer.ch\/produit\/outillage-de-controle\/"]}]},{"@type":"ImageObject","inLanguage":"en-GB","@id":"https:\/\/www.roxer.ch\/produit\/outillage-de-controle\/#primaryimage","url":"https:\/\/www.roxer.ch\/wp-content\/uploads\/2022\/03\/MAAI-CN8-020.png","contentUrl":"https:\/\/www.roxer.ch\/wp-content\/uploads\/2022\/03\/MAAI-CN8-020.png","width":1000,"height":1000},{"@type":"BreadcrumbList","@id":"https:\/\/www.roxer.ch\/produit\/outillage-de-controle\/#breadcrumb","itemListElement":[{"@type":"ListItem","position":1,"name":"Accueil","item":"https:\/\/www.roxer.ch\/"},{"@type":"ListItem","position":2,"name":"Produits","item":"https:\/\/www.roxer.ch\/shop\/"},{"@type":"ListItem","position":3,"name":"OUTILLAGE DE CONTROLE"}]},{"@type":"WebSite","@id":"https:\/\/www.roxer.ch\/#website","url":"https:\/\/www.roxer.ch\/","name":"Roxer","description":"","publisher":{"@id":"https:\/\/www.roxer.ch\/#organization"},"potentialAction":[{"@type":"SearchAction","target":{"@type":"EntryPoint","urlTemplate":"https:\/\/www.roxer.ch\/?s={search_term_string}"},"query-input":{"@type":"PropertyValueSpecification","valueRequired":true,"valueName":"search_term_string"}}],"inLanguage":"en-GB"},{"@type":"Organization","@id":"https:\/\/www.roxer.ch\/#organization","name":"Roxer","url":"https:\/\/www.roxer.ch\/","logo":{"@type":"ImageObject","inLanguage":"en-GB","@id":"https:\/\/www.roxer.ch\/#\/schema\/logo\/image\/","url":"https:\/\/www.roxer.ch\/wp-content\/uploads\/2022\/02\/cropped-logoRoxer-scaled-1-jpg.webp","contentUrl":"https:\/\/www.roxer.ch\/wp-content\/uploads\/2022\/02\/cropped-logoRoxer-scaled-1-jpg.webp","width":260,"height":80,"caption":"Roxer"},"image":{"@id":"https:\/\/www.roxer.ch\/#\/schema\/logo\/image\/"}}]}},"_links":{"self":[{"href":"https:\/\/www.roxer.ch\/en\/wp-json\/wp\/v2\/product\/2054","targetHints":{"allow":["GET"]}}],"collection":[{"href":"https:\/\/www.roxer.ch\/en\/wp-json\/wp\/v2\/product"}],"about":[{"href":"https:\/\/www.roxer.ch\/en\/wp-json\/wp\/v2\/types\/product"}],"version-history":[{"count":8,"href":"https:\/\/www.roxer.ch\/en\/wp-json\/wp\/v2\/product\/2054\/revisions"}],"predecessor-version":[{"id":2701,"href":"https:\/\/www.roxer.ch\/en\/wp-json\/wp\/v2\/product\/2054\/revisions\/2701"}],"wp:featuredmedia":[{"embeddable":true,"href":"https:\/\/www.roxer.ch\/en\/wp-json\/wp\/v2\/media\/2059"}],"wp:attachment":[{"href":"https:\/\/www.roxer.ch\/en\/wp-json\/wp\/v2\/media?parent=2054"}],"wp:term":[{"taxonomy":"product_brand","embeddable":true,"href":"https:\/\/www.roxer.ch\/en\/wp-json\/wp\/v2\/product_brand?post=2054"},{"taxonomy":"product_cat","embeddable":true,"href":"https:\/\/www.roxer.ch\/en\/wp-json\/wp\/v2\/product_cat?post=2054"},{"taxonomy":"product_tag","embeddable":true,"href":"https:\/\/www.roxer.ch\/en\/wp-json\/wp\/v2\/product_tag?post=2054"}],"curies":[{"name":"wp","href":"https:\/\/api.w.org\/{rel}","templated":true}]}}