{"id":2070,"date":"2022-03-24T16:27:15","date_gmt":"2022-03-24T15:27:15","guid":{"rendered":"https:\/\/www.roxer.ch\/?post_type=product&#038;p=2070"},"modified":"2024-05-31T10:36:13","modified_gmt":"2024-05-31T08:36:13","slug":"outillage-maai-manuelle","status":"publish","type":"product","link":"https:\/\/www.roxer.ch\/en\/product\/outillage-maai-manuelle\/","title":{"rendered":"MAAI MANUAL TOOL"},"content":{"rendered":"<div data-elementor-type=\"wp-post\" data-elementor-id=\"2070\" class=\"elementor elementor-2070\">\n\t\t\t\t\t\t<section class=\"elementor-section elementor-top-section elementor-element elementor-element-969e026 elementor-section-stretched product-rubrique elementor-section-boxed elementor-section-height-default elementor-section-height-default\" data-id=\"969e026\" data-element_type=\"section\" data-e-type=\"section\" data-settings=\"{&quot;stretch_section&quot;:&quot;section-stretched&quot;}\">\n\t\t\t\t\t\t<div class=\"elementor-container elementor-column-gap-default\">\n\t\t\t\t\t<div class=\"elementor-column elementor-col-50 elementor-top-column elementor-element elementor-element-74aedfc\" data-id=\"74aedfc\" data-element_type=\"column\" data-e-type=\"column\">\n\t\t\t<div class=\"elementor-widget-wrap elementor-element-populated\">\n\t\t\t\t\t\t<div class=\"elementor-element elementor-element-d282273 elementor-widget elementor-widget-wp-widget-alg_back_button_wp_widget\" data-id=\"d282273\" data-element_type=\"widget\" data-e-type=\"widget\" data-widget_type=\"wp-widget-alg_back_button_wp_widget.default\">\n\t\t\t\t<div class=\"elementor-widget-container\">\n\t\t\t\t\t<input type=\"button\" value=\"&lt; Retour\" class=\"alg_back_button_input\" style=\"\" onclick=\"window.history.back()\" \/>\t\t\t\t<\/div>\n\t\t\t\t<\/div>\n\t\t\t\t<div class=\"elementor-element elementor-element-5363cd7 elementor-widget elementor-widget-heading\" data-id=\"5363cd7\" data-element_type=\"widget\" data-e-type=\"widget\" data-widget_type=\"heading.default\">\n\t\t\t\t<div class=\"elementor-widget-container\">\n\t\t\t\t\t<h2 class=\"elementor-heading-title elementor-size-default\">MAAI MANUAL TOOL<\/h2>\t\t\t\t<\/div>\n\t\t\t\t<\/div>\n\t\t\t\t<div class=\"elementor-element elementor-element-c0a8a5e elementor-widget elementor-widget-heading\" data-id=\"c0a8a5e\" data-element_type=\"widget\" data-e-type=\"widget\" data-widget_type=\"heading.default\">\n\t\t\t\t<div class=\"elementor-widget-container\">\n\t\t\t\t\t<h4 class=\"elementor-heading-title elementor-size-default\">Tool bar and stakes system<\/h4>\t\t\t\t<\/div>\n\t\t\t\t<\/div>\n\t\t\t\t<div class=\"elementor-element elementor-element-2a60289 elementor-widget elementor-widget-text-editor\" data-id=\"2a60289\" data-element_type=\"widget\" data-e-type=\"widget\" data-widget_type=\"text-editor.default\">\n\t\t\t\t<div class=\"elementor-widget-container\">\n\t\t\t\t\t\t\t\t\t<p class=\"textenormal\"><i class=\"flag-icon flag-icon-ch flag-icon-squared\" aria-hidden=\"true\"><\/i> Enginered and made in Switzerland<\/p>\t\t\t\t\t\t\t\t<\/div>\n\t\t\t\t<\/div>\n\t\t\t\t\t<\/div>\n\t\t<\/div>\n\t\t\t\t<div class=\"elementor-column elementor-col-50 elementor-top-column elementor-element elementor-element-cc4008c\" data-id=\"cc4008c\" data-element_type=\"column\" data-e-type=\"column\">\n\t\t\t<div class=\"elementor-widget-wrap elementor-element-populated\">\n\t\t\t\t\t\t\t<\/div>\n\t\t<\/div>\n\t\t\t\t\t<\/div>\n\t\t<\/section>\n\t\t\t\t<section class=\"elementor-section elementor-top-section elementor-element elementor-element-5337e6e elementor-section-content-middle elementor-section-stretched product-rubrique elementor-section-boxed elementor-section-height-default elementor-section-height-default\" data-id=\"5337e6e\" data-element_type=\"section\" data-e-type=\"section\" data-settings=\"{&quot;stretch_section&quot;:&quot;section-stretched&quot;}\">\n\t\t\t\t\t\t<div class=\"elementor-container elementor-column-gap-wider\">\n\t\t\t\t\t<div class=\"elementor-column elementor-col-50 elementor-top-column elementor-element elementor-element-5f68c6c\" data-id=\"5f68c6c\" data-element_type=\"column\" data-e-type=\"column\">\n\t\t\t<div class=\"elementor-widget-wrap elementor-element-populated\">\n\t\t\t\t\t\t<div class=\"elementor-element elementor-element-44d2786 elementor-widget elementor-widget-heading\" data-id=\"44d2786\" data-element_type=\"widget\" data-e-type=\"widget\" data-widget_type=\"heading.default\">\n\t\t\t\t<div class=\"elementor-widget-container\">\n\t\t\t\t\t<h3 class=\"elementor-heading-title elementor-size-default\">Tool bar system. <\/h3>\t\t\t\t<\/div>\n\t\t\t\t<\/div>\n\t\t\t\t<div class=\"elementor-element elementor-element-91529fb elementor-widget elementor-widget-text-editor\" data-id=\"91529fb\" data-element_type=\"widget\" data-e-type=\"widget\" data-widget_type=\"text-editor.default\">\n\t\t\t\t<div class=\"elementor-widget-container\">\n\t\t\t\t\t\t\t\t\t<ul><li>Tool bar system.<\/li><li>Rapid calibre changeover<\/li><\/ul><p>\u00a0<\/p><p>Option : Upper tube in hard metal<\/p>\t\t\t\t\t\t\t\t<\/div>\n\t\t\t\t<\/div>\n\t\t\t\t\t<\/div>\n\t\t<\/div>\n\t\t\t\t<div class=\"elementor-column elementor-col-50 elementor-top-column elementor-element elementor-element-9b2711e\" data-id=\"9b2711e\" data-element_type=\"column\" data-e-type=\"column\">\n\t\t\t<div class=\"elementor-widget-wrap elementor-element-populated\">\n\t\t\t\t\t\t<div class=\"elementor-element elementor-element-ebeb7fc elementor-widget elementor-widget-image\" data-id=\"ebeb7fc\" data-element_type=\"widget\" data-e-type=\"widget\" data-widget_type=\"image.default\">\n\t\t\t\t<div class=\"elementor-widget-container\">\n\t\t\t\t\t\t\t\t\t\t\t\t\t\t\t<img fetchpriority=\"high\" decoding=\"async\" width=\"1024\" height=\"682\" src=\"https:\/\/www.roxer.ch\/wp-content\/uploads\/2021\/12\/MAAI-XB2-002-1024x682.png\" class=\"attachment-large size-large wp-image-1200\" alt=\"\" srcset=\"https:\/\/www.roxer.ch\/wp-content\/uploads\/2021\/12\/MAAI-XB2-002-1024x682.png 1024w, https:\/\/www.roxer.ch\/wp-content\/uploads\/2021\/12\/MAAI-XB2-002-800x533.png 800w, https:\/\/www.roxer.ch\/wp-content\/uploads\/2021\/12\/MAAI-XB2-002-300x200.png 300w, https:\/\/www.roxer.ch\/wp-content\/uploads\/2021\/12\/MAAI-XB2-002-768x512.png 768w, https:\/\/www.roxer.ch\/wp-content\/uploads\/2021\/12\/MAAI-XB2-002-1536x1023.png 1536w, https:\/\/www.roxer.ch\/wp-content\/uploads\/2021\/12\/MAAI-XB2-002.png 2048w, https:\/\/www.roxer.ch\/wp-content\/uploads\/2021\/12\/MAAI-XB2-002-219x146.png 219w, https:\/\/www.roxer.ch\/wp-content\/uploads\/2021\/12\/MAAI-XB2-002-50x33.png 50w, https:\/\/www.roxer.ch\/wp-content\/uploads\/2021\/12\/MAAI-XB2-002-113x75.png 113w, https:\/\/www.roxer.ch\/wp-content\/uploads\/2021\/12\/MAAI-XB2-002-600x400.png 600w\" sizes=\"(max-width:767px) 480px, (max-width:1024px) 100vw, 1024px\" \/>\t\t\t\t\t\t\t\t\t\t\t\t\t\t\t<\/div>\n\t\t\t\t<\/div>\n\t\t\t\t\t<\/div>\n\t\t<\/div>\n\t\t\t\t\t<\/div>\n\t\t<\/section>\n\t\t\t\t<section class=\"elementor-section elementor-top-section elementor-element elementor-element-ace3bca elementor-section-content-middle elementor-section-stretched product-rubrique elementor-section-boxed elementor-section-height-default elementor-section-height-default\" data-id=\"ace3bca\" data-element_type=\"section\" data-e-type=\"section\" data-settings=\"{&quot;stretch_section&quot;:&quot;section-stretched&quot;}\">\n\t\t\t\t\t\t<div class=\"elementor-container elementor-column-gap-wider\">\n\t\t\t\t\t<div class=\"elementor-column elementor-col-50 elementor-top-column elementor-element elementor-element-9bdf891\" data-id=\"9bdf891\" data-element_type=\"column\" data-e-type=\"column\">\n\t\t\t<div class=\"elementor-widget-wrap elementor-element-populated\">\n\t\t\t\t\t\t<div class=\"elementor-element elementor-element-a9925c1 elementor-widget elementor-widget-image\" data-id=\"a9925c1\" data-element_type=\"widget\" data-e-type=\"widget\" data-widget_type=\"image.default\">\n\t\t\t\t<div class=\"elementor-widget-container\">\n\t\t\t\t\t\t\t\t\t\t\t\t\t\t\t<img decoding=\"async\" width=\"336\" height=\"209\" data-src=\"https:\/\/www.roxer.ch\/wp-content\/uploads\/2021\/12\/MAAI-XB2-010.png\" class=\"attachment-large size-large wp-image-1208 lazyload\" alt=\"\" data-srcset=\"https:\/\/www.roxer.ch\/wp-content\/uploads\/2021\/12\/MAAI-XB2-010.png 336w, https:\/\/www.roxer.ch\/wp-content\/uploads\/2021\/12\/MAAI-XB2-010-300x187.png 300w, https:\/\/www.roxer.ch\/wp-content\/uploads\/2021\/12\/MAAI-XB2-010-235x146.png 235w, https:\/\/www.roxer.ch\/wp-content\/uploads\/2021\/12\/MAAI-XB2-010-50x31.png 50w, https:\/\/www.roxer.ch\/wp-content\/uploads\/2021\/12\/MAAI-XB2-010-121x75.png 121w\" data-sizes=\"(max-width:767px) 336px, 336px\" src=\"data:image\/svg+xml;base64,PHN2ZyB3aWR0aD0iMSIgaGVpZ2h0PSIxIiB4bWxucz0iaHR0cDovL3d3dy53My5vcmcvMjAwMC9zdmciPjwvc3ZnPg==\" style=\"--smush-placeholder-width: 336px; --smush-placeholder-aspect-ratio: 336\/209;\" \/>\t\t\t\t\t\t\t\t\t\t\t\t\t\t\t<\/div>\n\t\t\t\t<\/div>\n\t\t\t\t<div class=\"elementor-element elementor-element-fe0942f elementor-widget elementor-widget-image\" data-id=\"fe0942f\" data-element_type=\"widget\" data-e-type=\"widget\" data-widget_type=\"image.default\">\n\t\t\t\t<div class=\"elementor-widget-container\">\n\t\t\t\t\t\t\t\t\t\t\t\t\t\t\t<img decoding=\"async\" width=\"300\" height=\"200\" data-src=\"https:\/\/www.roxer.ch\/wp-content\/uploads\/2021\/12\/MAAI-005-300x200.png\" class=\"attachment-medium size-medium wp-image-1184 lazyload\" alt=\"\" data-srcset=\"https:\/\/www.roxer.ch\/wp-content\/uploads\/2021\/12\/MAAI-005-300x200.png 300w, https:\/\/www.roxer.ch\/wp-content\/uploads\/2021\/12\/MAAI-005-800x533.png 800w, https:\/\/www.roxer.ch\/wp-content\/uploads\/2021\/12\/MAAI-005-1024x683.png 1024w, https:\/\/www.roxer.ch\/wp-content\/uploads\/2021\/12\/MAAI-005-768x512.png 768w, https:\/\/www.roxer.ch\/wp-content\/uploads\/2021\/12\/MAAI-005-1536x1024.png 1536w, https:\/\/www.roxer.ch\/wp-content\/uploads\/2021\/12\/MAAI-005.png 2048w, https:\/\/www.roxer.ch\/wp-content\/uploads\/2021\/12\/MAAI-005-219x146.png 219w, https:\/\/www.roxer.ch\/wp-content\/uploads\/2021\/12\/MAAI-005-50x33.png 50w, https:\/\/www.roxer.ch\/wp-content\/uploads\/2021\/12\/MAAI-005-113x75.png 113w, https:\/\/www.roxer.ch\/wp-content\/uploads\/2021\/12\/MAAI-005-600x400.png 600w\" data-sizes=\"(max-width:767px) 300px, 300px\" src=\"data:image\/svg+xml;base64,PHN2ZyB3aWR0aD0iMSIgaGVpZ2h0PSIxIiB4bWxucz0iaHR0cDovL3d3dy53My5vcmcvMjAwMC9zdmciPjwvc3ZnPg==\" style=\"--smush-placeholder-width: 300px; --smush-placeholder-aspect-ratio: 300\/200;\" \/>\t\t\t\t\t\t\t\t\t\t\t\t\t\t\t<\/div>\n\t\t\t\t<\/div>\n\t\t\t\t\t<\/div>\n\t\t<\/div>\n\t\t\t\t<div class=\"elementor-column elementor-col-50 elementor-top-column elementor-element elementor-element-7fded96\" data-id=\"7fded96\" data-element_type=\"column\" data-e-type=\"column\">\n\t\t\t<div class=\"elementor-widget-wrap elementor-element-populated\">\n\t\t\t\t\t\t<div class=\"elementor-element elementor-element-7febbea elementor-widget elementor-widget-heading\" data-id=\"7febbea\" data-element_type=\"widget\" data-e-type=\"widget\" data-widget_type=\"heading.default\">\n\t\t\t\t<div class=\"elementor-widget-container\">\n\t\t\t\t\t<h3 class=\"elementor-heading-title elementor-size-default\">Stakes system.<\/h3>\t\t\t\t<\/div>\n\t\t\t\t<\/div>\n\t\t\t\t<div class=\"elementor-element elementor-element-8de16ca elementor-widget elementor-widget-text-editor\" data-id=\"8de16ca\" data-element_type=\"widget\" data-e-type=\"widget\" data-widget_type=\"text-editor.default\">\n\t\t\t\t<div class=\"elementor-widget-container\">\n\t\t\t\t\t\t\t\t\t<ul><li>Stakes system.<\/li><li>Rapid calibre changeover.<\/li><\/ul>\t\t\t\t\t\t\t\t<\/div>\n\t\t\t\t<\/div>\n\t\t\t\t\t<\/div>\n\t\t<\/div>\n\t\t\t\t\t<\/div>\n\t\t<\/section>\n\t\t\t\t<section class=\"elementor-section elementor-top-section elementor-element elementor-element-8fec745 elementor-section-content-middle elementor-section-stretched product-rubrique dl-pdf elementor-section-boxed elementor-section-height-default elementor-section-height-default\" data-id=\"8fec745\" data-element_type=\"section\" data-e-type=\"section\" data-settings=\"{&quot;stretch_section&quot;:&quot;section-stretched&quot;}\">\n\t\t\t\t\t\t<div class=\"elementor-container elementor-column-gap-default\">\n\t\t\t\t\t<div class=\"elementor-column elementor-col-100 elementor-top-column elementor-element elementor-element-9d97a28\" data-id=\"9d97a28\" data-element_type=\"column\" data-e-type=\"column\">\n\t\t\t<div class=\"elementor-widget-wrap elementor-element-populated\">\n\t\t\t\t\t\t<div class=\"elementor-element elementor-element-22d1293 elementor-widget elementor-widget-heading\" data-id=\"22d1293\" data-element_type=\"widget\" data-e-type=\"widget\" data-widget_type=\"heading.default\">\n\t\t\t\t<div class=\"elementor-widget-container\">\n\t\t\t\t\t<h3 class=\"elementor-heading-title elementor-size-default\">download the technical sheet<\/h3>\t\t\t\t<\/div>\n\t\t\t\t<\/div>\n\t\t\t\t<div class=\"elementor-element elementor-element-b8db7ac elementor-align-center elementor-widget elementor-widget-button\" data-id=\"b8db7ac\" data-element_type=\"widget\" data-e-type=\"widget\" data-widget_type=\"button.default\">\n\t\t\t\t<div class=\"elementor-widget-container\">\n\t\t\t\t\t\t\t\t\t<div class=\"elementor-button-wrapper\">\n\t\t\t\t\t<a class=\"elementor-button elementor-button-link elementor-size-lg\" href=\"https:\/\/www.roxer.ch\/wp-content\/uploads\/2024\/05\/1330-Outillages_MAAI_manuelle_V1.1_FR_20230601.pdf\" target=\"_blank\">\n\t\t\t\t\t\t<span class=\"elementor-button-content-wrapper\">\n\t\t\t\t\t\t<span class=\"elementor-button-icon\">\n\t\t\t\t<i aria-hidden=\"true\" class=\"far fa-file-pdf\"><\/i>\t\t\t<\/span>\n\t\t\t\t\t\t\t\t\t<span class=\"elementor-button-text\">PDF - FR<\/span>\n\t\t\t\t\t<\/span>\n\t\t\t\t\t<\/a>\n\t\t\t\t<\/div>\n\t\t\t\t\t\t\t\t<\/div>\n\t\t\t\t<\/div>\n\t\t\t\t<div class=\"elementor-element elementor-element-efdeaf6 elementor-align-center elementor-widget elementor-widget-button\" data-id=\"efdeaf6\" data-element_type=\"widget\" data-e-type=\"widget\" data-widget_type=\"button.default\">\n\t\t\t\t<div class=\"elementor-widget-container\">\n\t\t\t\t\t\t\t\t\t<div class=\"elementor-button-wrapper\">\n\t\t\t\t\t<a class=\"elementor-button elementor-button-link elementor-size-lg\" href=\"https:\/\/www.roxer.ch\/wp-content\/uploads\/2024\/05\/2330-Outillages_MAAI_manuelle_V1.1_EN_20230601.pdf\" target=\"_blank\">\n\t\t\t\t\t\t<span class=\"elementor-button-content-wrapper\">\n\t\t\t\t\t\t<span class=\"elementor-button-icon\">\n\t\t\t\t<i aria-hidden=\"true\" class=\"far fa-file-pdf\"><\/i>\t\t\t<\/span>\n\t\t\t\t\t\t\t\t\t<span class=\"elementor-button-text\">PDF - EN<\/span>\n\t\t\t\t\t<\/span>\n\t\t\t\t\t<\/a>\n\t\t\t\t<\/div>\n\t\t\t\t\t\t\t\t<\/div>\n\t\t\t\t<\/div>\n\t\t\t\t<div class=\"elementor-element elementor-element-4d9a48e elementor-widget elementor-widget-spacer\" data-id=\"4d9a48e\" data-element_type=\"widget\" data-e-type=\"widget\" data-widget_type=\"spacer.default\">\n\t\t\t\t<div class=\"elementor-widget-container\">\n\t\t\t\t\t\t\t<div class=\"elementor-spacer\">\n\t\t\t<div class=\"elementor-spacer-inner\"><\/div>\n\t\t<\/div>\n\t\t\t\t\t\t<\/div>\n\t\t\t\t<\/div>\n\t\t\t\t\t<\/div>\n\t\t<\/div>\n\t\t\t\t\t<\/div>\n\t\t<\/section>\n\t\t\t\t<\/div>","protected":false},"excerpt":{"rendered":"<p>OUTILLAGE MAAI MANUELLE Syst\u00e8me barre outil et tasseaux Enginered and made in Switzerland Syst\u00e8me barre outil Syst\u00e8me barre outil. Changement de calibre tr\u00e8s rapide \u00a0 En<span class=\"excerpt-hellip\"> [\u2026]<\/span><\/p>\n","protected":false},"featured_media":1202,"template":"","meta":[],"product_brand":[],"product_cat":[29],"product_tag":[],"class_list":{"0":"post-2070","1":"product","2":"type-product","3":"status-publish","4":"has-post-thumbnail","6":"product_cat-pose-aiguilles","8":"first","9":"instock","10":"virtual","11":"product-type-simple"},"yoast_head":"<!-- This site is optimized with the Yoast SEO plugin v27.0 - https:\/\/yoast.com\/product\/yoast-seo-wordpress\/ -->\n<title>OUTILLAGE MAAI MANUELLE - Roxer<\/title>\n<meta name=\"description\" content=\"L&#039;outillage MAAI manuelle est un syst\u00e8me barre outil et tasseaux permettant un changement de calibre tr\u00e8s rapide.\" \/>\n<meta name=\"robots\" content=\"index, follow, max-snippet:-1, max-image-preview:large, max-video-preview:-1\" \/>\n<link rel=\"canonical\" href=\"https:\/\/www.roxer.ch\/en\/product\/outillage-maai-manuelle\/\" \/>\n<meta property=\"og:locale\" content=\"en_GB\" \/>\n<meta property=\"og:type\" content=\"article\" \/>\n<meta property=\"og:title\" content=\"OUTILLAGE MAAI MANUELLE - Roxer\" \/>\n<meta property=\"og:description\" content=\"L&#039;outillage MAAI manuelle est un syst\u00e8me barre outil et tasseaux permettant un changement de calibre tr\u00e8s rapide.\" \/>\n<meta property=\"og:url\" content=\"https:\/\/www.roxer.ch\/en\/product\/outillage-maai-manuelle\/\" \/>\n<meta property=\"og:site_name\" content=\"Roxer\" \/>\n<meta property=\"article:modified_time\" content=\"2024-05-31T08:36:13+00:00\" \/>\n<meta property=\"og:image\" content=\"https:\/\/www.roxer.ch\/wp-content\/uploads\/2021\/12\/MAAI-XB2-004-1024x1024.png\" \/>\n\t<meta property=\"og:image:width\" content=\"1024\" \/>\n\t<meta property=\"og:image:height\" content=\"1024\" \/>\n\t<meta property=\"og:image:type\" content=\"image\/png\" \/>\n<meta name=\"twitter:card\" content=\"summary_large_image\" \/>\n<meta name=\"twitter:label1\" content=\"Estimated reading time\" \/>\n\t<meta name=\"twitter:data1\" content=\"1 minute\" \/>\n<script type=\"application\/ld+json\" class=\"yoast-schema-graph\">{\"@context\":\"https:\/\/schema.org\",\"@graph\":[{\"@type\":\"WebPage\",\"@id\":\"https:\/\/www.roxer.ch\/produit\/outillage-maai-manuelle\/\",\"url\":\"https:\/\/www.roxer.ch\/produit\/outillage-maai-manuelle\/\",\"name\":\"OUTILLAGE MAAI MANUELLE - Roxer\",\"isPartOf\":{\"@id\":\"https:\/\/www.roxer.ch\/#website\"},\"primaryImageOfPage\":{\"@id\":\"https:\/\/www.roxer.ch\/produit\/outillage-maai-manuelle\/#primaryimage\"},\"image\":{\"@id\":\"https:\/\/www.roxer.ch\/produit\/outillage-maai-manuelle\/#primaryimage\"},\"thumbnailUrl\":\"https:\/\/www.roxer.ch\/wp-content\/uploads\/2021\/12\/MAAI-XB2-004.png\",\"datePublished\":\"2022-03-24T15:27:15+00:00\",\"dateModified\":\"2024-05-31T08:36:13+00:00\",\"description\":\"L'outillage MAAI manuelle est un syst\u00e8me barre outil et tasseaux permettant un changement de calibre tr\u00e8s rapide.\",\"breadcrumb\":{\"@id\":\"https:\/\/www.roxer.ch\/produit\/outillage-maai-manuelle\/#breadcrumb\"},\"inLanguage\":\"en-GB\",\"potentialAction\":[{\"@type\":\"ReadAction\",\"target\":[\"https:\/\/www.roxer.ch\/produit\/outillage-maai-manuelle\/\"]}]},{\"@type\":\"ImageObject\",\"inLanguage\":\"en-GB\",\"@id\":\"https:\/\/www.roxer.ch\/produit\/outillage-maai-manuelle\/#primaryimage\",\"url\":\"https:\/\/www.roxer.ch\/wp-content\/uploads\/2021\/12\/MAAI-XB2-004.png\",\"contentUrl\":\"https:\/\/www.roxer.ch\/wp-content\/uploads\/2021\/12\/MAAI-XB2-004.png\",\"width\":2048,\"height\":2048},{\"@type\":\"BreadcrumbList\",\"@id\":\"https:\/\/www.roxer.ch\/produit\/outillage-maai-manuelle\/#breadcrumb\",\"itemListElement\":[{\"@type\":\"ListItem\",\"position\":1,\"name\":\"Accueil\",\"item\":\"https:\/\/www.roxer.ch\/\"},{\"@type\":\"ListItem\",\"position\":2,\"name\":\"Produits\",\"item\":\"https:\/\/www.roxer.ch\/shop\/\"},{\"@type\":\"ListItem\",\"position\":3,\"name\":\"OUTILLAGE MAAI MANUELLE\"}]},{\"@type\":\"WebSite\",\"@id\":\"https:\/\/www.roxer.ch\/#website\",\"url\":\"https:\/\/www.roxer.ch\/\",\"name\":\"Roxer\",\"description\":\"\",\"publisher\":{\"@id\":\"https:\/\/www.roxer.ch\/#organization\"},\"potentialAction\":[{\"@type\":\"SearchAction\",\"target\":{\"@type\":\"EntryPoint\",\"urlTemplate\":\"https:\/\/www.roxer.ch\/?s={search_term_string}\"},\"query-input\":{\"@type\":\"PropertyValueSpecification\",\"valueRequired\":true,\"valueName\":\"search_term_string\"}}],\"inLanguage\":\"en-GB\"},{\"@type\":\"Organization\",\"@id\":\"https:\/\/www.roxer.ch\/#organization\",\"name\":\"Roxer\",\"url\":\"https:\/\/www.roxer.ch\/\",\"logo\":{\"@type\":\"ImageObject\",\"inLanguage\":\"en-GB\",\"@id\":\"https:\/\/www.roxer.ch\/#\/schema\/logo\/image\/\",\"url\":\"https:\/\/www.roxer.ch\/wp-content\/uploads\/2022\/02\/cropped-logoRoxer-scaled-1-jpg.webp\",\"contentUrl\":\"https:\/\/www.roxer.ch\/wp-content\/uploads\/2022\/02\/cropped-logoRoxer-scaled-1-jpg.webp\",\"width\":260,\"height\":80,\"caption\":\"Roxer\"},\"image\":{\"@id\":\"https:\/\/www.roxer.ch\/#\/schema\/logo\/image\/\"}}]}<\/script>\n<!-- \/ Yoast SEO plugin. -->","yoast_head_json":{"title":"OUTILLAGE MAAI MANUELLE - Roxer","description":"L'outillage MAAI manuelle est un syst\u00e8me barre outil et tasseaux permettant un changement de calibre tr\u00e8s rapide.","robots":{"index":"index","follow":"follow","max-snippet":"max-snippet:-1","max-image-preview":"max-image-preview:large","max-video-preview":"max-video-preview:-1"},"canonical":"https:\/\/www.roxer.ch\/en\/product\/outillage-maai-manuelle\/","og_locale":"en_GB","og_type":"article","og_title":"OUTILLAGE MAAI MANUELLE - Roxer","og_description":"L'outillage MAAI manuelle est un syst\u00e8me barre outil et tasseaux permettant un changement de calibre tr\u00e8s rapide.","og_url":"https:\/\/www.roxer.ch\/en\/product\/outillage-maai-manuelle\/","og_site_name":"Roxer","article_modified_time":"2024-05-31T08:36:13+00:00","og_image":[{"width":1024,"height":1024,"url":"https:\/\/www.roxer.ch\/wp-content\/uploads\/2021\/12\/MAAI-XB2-004-1024x1024.png","type":"image\/png"}],"twitter_card":"summary_large_image","twitter_misc":{"Estimated reading time":"1 minute"},"schema":{"@context":"https:\/\/schema.org","@graph":[{"@type":"WebPage","@id":"https:\/\/www.roxer.ch\/produit\/outillage-maai-manuelle\/","url":"https:\/\/www.roxer.ch\/produit\/outillage-maai-manuelle\/","name":"OUTILLAGE MAAI MANUELLE - Roxer","isPartOf":{"@id":"https:\/\/www.roxer.ch\/#website"},"primaryImageOfPage":{"@id":"https:\/\/www.roxer.ch\/produit\/outillage-maai-manuelle\/#primaryimage"},"image":{"@id":"https:\/\/www.roxer.ch\/produit\/outillage-maai-manuelle\/#primaryimage"},"thumbnailUrl":"https:\/\/www.roxer.ch\/wp-content\/uploads\/2021\/12\/MAAI-XB2-004.png","datePublished":"2022-03-24T15:27:15+00:00","dateModified":"2024-05-31T08:36:13+00:00","description":"L'outillage MAAI manuelle est un syst\u00e8me barre outil et tasseaux permettant un changement de calibre tr\u00e8s rapide.","breadcrumb":{"@id":"https:\/\/www.roxer.ch\/produit\/outillage-maai-manuelle\/#breadcrumb"},"inLanguage":"en-GB","potentialAction":[{"@type":"ReadAction","target":["https:\/\/www.roxer.ch\/produit\/outillage-maai-manuelle\/"]}]},{"@type":"ImageObject","inLanguage":"en-GB","@id":"https:\/\/www.roxer.ch\/produit\/outillage-maai-manuelle\/#primaryimage","url":"https:\/\/www.roxer.ch\/wp-content\/uploads\/2021\/12\/MAAI-XB2-004.png","contentUrl":"https:\/\/www.roxer.ch\/wp-content\/uploads\/2021\/12\/MAAI-XB2-004.png","width":2048,"height":2048},{"@type":"BreadcrumbList","@id":"https:\/\/www.roxer.ch\/produit\/outillage-maai-manuelle\/#breadcrumb","itemListElement":[{"@type":"ListItem","position":1,"name":"Accueil","item":"https:\/\/www.roxer.ch\/"},{"@type":"ListItem","position":2,"name":"Produits","item":"https:\/\/www.roxer.ch\/shop\/"},{"@type":"ListItem","position":3,"name":"OUTILLAGE MAAI MANUELLE"}]},{"@type":"WebSite","@id":"https:\/\/www.roxer.ch\/#website","url":"https:\/\/www.roxer.ch\/","name":"Roxer","description":"","publisher":{"@id":"https:\/\/www.roxer.ch\/#organization"},"potentialAction":[{"@type":"SearchAction","target":{"@type":"EntryPoint","urlTemplate":"https:\/\/www.roxer.ch\/?s={search_term_string}"},"query-input":{"@type":"PropertyValueSpecification","valueRequired":true,"valueName":"search_term_string"}}],"inLanguage":"en-GB"},{"@type":"Organization","@id":"https:\/\/www.roxer.ch\/#organization","name":"Roxer","url":"https:\/\/www.roxer.ch\/","logo":{"@type":"ImageObject","inLanguage":"en-GB","@id":"https:\/\/www.roxer.ch\/#\/schema\/logo\/image\/","url":"https:\/\/www.roxer.ch\/wp-content\/uploads\/2022\/02\/cropped-logoRoxer-scaled-1-jpg.webp","contentUrl":"https:\/\/www.roxer.ch\/wp-content\/uploads\/2022\/02\/cropped-logoRoxer-scaled-1-jpg.webp","width":260,"height":80,"caption":"Roxer"},"image":{"@id":"https:\/\/www.roxer.ch\/#\/schema\/logo\/image\/"}}]}},"_links":{"self":[{"href":"https:\/\/www.roxer.ch\/en\/wp-json\/wp\/v2\/product\/2070","targetHints":{"allow":["GET"]}}],"collection":[{"href":"https:\/\/www.roxer.ch\/en\/wp-json\/wp\/v2\/product"}],"about":[{"href":"https:\/\/www.roxer.ch\/en\/wp-json\/wp\/v2\/types\/product"}],"version-history":[{"count":12,"href":"https:\/\/www.roxer.ch\/en\/wp-json\/wp\/v2\/product\/2070\/revisions"}],"predecessor-version":[{"id":3409,"href":"https:\/\/www.roxer.ch\/en\/wp-json\/wp\/v2\/product\/2070\/revisions\/3409"}],"wp:featuredmedia":[{"embeddable":true,"href":"https:\/\/www.roxer.ch\/en\/wp-json\/wp\/v2\/media\/1202"}],"wp:attachment":[{"href":"https:\/\/www.roxer.ch\/en\/wp-json\/wp\/v2\/media?parent=2070"}],"wp:term":[{"taxonomy":"product_brand","embeddable":true,"href":"https:\/\/www.roxer.ch\/en\/wp-json\/wp\/v2\/product_brand?post=2070"},{"taxonomy":"product_cat","embeddable":true,"href":"https:\/\/www.roxer.ch\/en\/wp-json\/wp\/v2\/product_cat?post=2070"},{"taxonomy":"product_tag","embeddable":true,"href":"https:\/\/www.roxer.ch\/en\/wp-json\/wp\/v2\/product_tag?post=2070"}],"curies":[{"name":"wp","href":"https:\/\/api.w.org\/{rel}","templated":true}]}}