{"id":3539,"date":"2025-05-22T10:39:43","date_gmt":"2025-05-22T08:39:43","guid":{"rendered":"https:\/\/www.roxer.ch\/?post_type=product&#038;p=3539"},"modified":"2025-07-18T12:58:41","modified_gmt":"2025-07-18T10:58:41","slug":"micro-laminar","status":"publish","type":"product","link":"https:\/\/www.roxer.ch\/en\/product\/micro-laminar\/","title":{"rendered":"Micro Laminar"},"content":{"rendered":"<div data-elementor-type=\"wp-post\" data-elementor-id=\"3539\" class=\"elementor elementor-3539\">\n\t\t\t\t\t\t<section class=\"elementor-section elementor-top-section elementor-element elementor-element-969e026 elementor-section-stretched product-rubrique elementor-section-boxed elementor-section-height-default elementor-section-height-default\" data-id=\"969e026\" data-element_type=\"section\" data-e-type=\"section\" data-settings=\"{&quot;stretch_section&quot;:&quot;section-stretched&quot;}\">\n\t\t\t\t\t\t<div class=\"elementor-container elementor-column-gap-default\">\n\t\t\t\t\t<div class=\"elementor-column elementor-col-50 elementor-top-column elementor-element elementor-element-74aedfc\" data-id=\"74aedfc\" data-element_type=\"column\" data-e-type=\"column\">\n\t\t\t<div class=\"elementor-widget-wrap elementor-element-populated\">\n\t\t\t\t\t\t<div class=\"elementor-element elementor-element-d282273 elementor-widget elementor-widget-wp-widget-alg_back_button_wp_widget\" data-id=\"d282273\" data-element_type=\"widget\" data-e-type=\"widget\" data-widget_type=\"wp-widget-alg_back_button_wp_widget.default\">\n\t\t\t\t<div class=\"elementor-widget-container\">\n\t\t\t\t\t<input type=\"button\" value=\"&lt; Retour\" class=\"alg_back_button_input\" style=\"\" onclick=\"window.history.back()\" \/>\t\t\t\t<\/div>\n\t\t\t\t<\/div>\n\t\t\t\t<div class=\"elementor-element elementor-element-5363cd7 elementor-widget elementor-widget-heading\" data-id=\"5363cd7\" data-element_type=\"widget\" data-e-type=\"widget\" data-widget_type=\"heading.default\">\n\t\t\t\t<div class=\"elementor-widget-container\">\n\t\t\t\t\t<h2 class=\"elementor-heading-title elementor-size-default\"><span style=\", sans-serif;font-size: 45px;font-style: normal;font-weight: 600\">Micro <\/span>Laminar<\/h2>\t\t\t\t<\/div>\n\t\t\t\t<\/div>\n\t\t\t\t<div class=\"elementor-element elementor-element-c0a8a5e elementor-widget__width-initial elementor-widget elementor-widget-heading\" data-id=\"c0a8a5e\" data-element_type=\"widget\" data-e-type=\"widget\" data-widget_type=\"heading.default\">\n\t\t\t\t<div class=\"elementor-widget-container\">\n\t\t\t\t\t<h4 class=\"elementor-heading-title elementor-size-default\">Compact device for dust-proofing a work area<\/h4>\t\t\t\t<\/div>\n\t\t\t\t<\/div>\n\t\t\t\t<div class=\"elementor-element elementor-element-2a60289 elementor-widget elementor-widget-text-editor\" data-id=\"2a60289\" data-element_type=\"widget\" data-e-type=\"widget\" data-widget_type=\"text-editor.default\">\n\t\t\t\t<div class=\"elementor-widget-container\">\n\t\t\t\t\t\t\t\t\t<p class=\"textenormal\"><i class=\"flag-icon flag-icon-ch flag-icon-squared\" aria-hidden=\"true\"><\/i> Enginered and made in Switzerland<\/p>\t\t\t\t\t\t\t\t<\/div>\n\t\t\t\t<\/div>\n\t\t\t\t\t<\/div>\n\t\t<\/div>\n\t\t\t\t<div class=\"elementor-column elementor-col-50 elementor-top-column elementor-element elementor-element-cc4008c\" data-id=\"cc4008c\" data-element_type=\"column\" data-e-type=\"column\">\n\t\t\t<div class=\"elementor-widget-wrap elementor-element-populated\">\n\t\t\t\t\t\t<div class=\"elementor-element elementor-element-7ef8f6b elementor-widget elementor-widget-text-editor\" data-id=\"7ef8f6b\" data-element_type=\"widget\" data-e-type=\"widget\" data-widget_type=\"text-editor.default\">\n\t\t\t\t<div class=\"elementor-widget-container\">\n\t\t\t\t\t\t\t\t\t<p>Apparatus intended for carrying out operations on several dispersed components or on small machines that do not tolerate the presence of particles.<\/p>\t\t\t\t\t\t\t\t<\/div>\n\t\t\t\t<\/div>\n\t\t\t\t\t<\/div>\n\t\t<\/div>\n\t\t\t\t\t<\/div>\n\t\t<\/section>\n\t\t\t\t<section class=\"elementor-section elementor-top-section elementor-element elementor-element-5337e6e elementor-section-content-middle elementor-section-stretched product-rubrique elementor-section-boxed elementor-section-height-default elementor-section-height-default\" data-id=\"5337e6e\" data-element_type=\"section\" data-e-type=\"section\" data-settings=\"{&quot;stretch_section&quot;:&quot;section-stretched&quot;}\">\n\t\t\t\t\t\t<div class=\"elementor-container elementor-column-gap-wider\">\n\t\t\t\t\t<div class=\"elementor-column elementor-col-50 elementor-top-column elementor-element elementor-element-5f68c6c\" data-id=\"5f68c6c\" data-element_type=\"column\" data-e-type=\"column\">\n\t\t\t<div class=\"elementor-widget-wrap elementor-element-populated\">\n\t\t\t\t\t\t<div class=\"elementor-element elementor-element-44d2786 elementor-widget elementor-widget-heading\" data-id=\"44d2786\" data-element_type=\"widget\" data-e-type=\"widget\" data-widget_type=\"heading.default\">\n\t\t\t\t<div class=\"elementor-widget-container\">\n\t\t\t\t\t<h3 class=\"elementor-heading-title elementor-size-default\">Machine functions<\/h3>\t\t\t\t<\/div>\n\t\t\t\t<\/div>\n\t\t\t\t<div class=\"elementor-element elementor-element-91529fb elementor-widget elementor-widget-text-editor\" data-id=\"91529fb\" data-element_type=\"widget\" data-e-type=\"widget\" data-widget_type=\"text-editor.default\">\n\t\t\t\t<div class=\"elementor-widget-container\">\n\t\t\t\t\t\t\t\t\t<ul><li>Guarantees a dust-free environment<\/li><li>3 Adjustable airflow speed<ul><li>Standby 0,15 m\/s<\/li><li>Work 0,20 m\/s<\/li><li>High Speed 0,35 m\/s<\/li><\/ul><\/li><li>Ventilation lifetime &gt;100\u2019000 hours<\/li><li>Norms ISO 14644-1 - ISO3 class from 0.3 \u03bcm<\/li><li>Low energy consumption<\/li><li>LED lighting:<ul><li>Adjustable Temperature (4\u2019000 \u00e0 6\u2019000 kelvin)<\/li><li>Adjustable brightness (370 to more than 1\u2019500 lux)<\/li><li>IRC &gt; 90 (flicker-free)<\/li><\/ul><\/li><li>Options :<ul><li>Choice of colours possible<\/li><li>Workbench<\/li><li>Armrests<\/li><\/ul><\/li><\/ul>\t\t\t\t\t\t\t\t<\/div>\n\t\t\t\t<\/div>\n\t\t\t\t\t<\/div>\n\t\t<\/div>\n\t\t\t\t<div class=\"elementor-column elementor-col-50 elementor-top-column elementor-element elementor-element-9b2711e\" data-id=\"9b2711e\" data-element_type=\"column\" data-e-type=\"column\">\n\t\t\t<div class=\"elementor-widget-wrap elementor-element-populated\">\n\t\t\t\t\t\t<div class=\"elementor-element elementor-element-ebeb7fc elementor-widget elementor-widget-image\" data-id=\"ebeb7fc\" data-element_type=\"widget\" data-e-type=\"widget\" data-widget_type=\"image.default\">\n\t\t\t\t<div class=\"elementor-widget-container\">\n\t\t\t\t\t\t\t\t\t\t\t\t\t\t\t<img fetchpriority=\"high\" decoding=\"async\" width=\"1024\" height=\"640\" src=\"https:\/\/www.roxer.ch\/wp-content\/uploads\/2024\/05\/Laminar-Micro-sardi-1024x640.png\" class=\"attachment-large size-large wp-image-3526\" alt=\"\" srcset=\"https:\/\/www.roxer.ch\/wp-content\/uploads\/2024\/05\/Laminar-Micro-sardi-1024x640.png 1024w, https:\/\/www.roxer.ch\/wp-content\/uploads\/2024\/05\/Laminar-Micro-sardi-300x188.png 300w, https:\/\/www.roxer.ch\/wp-content\/uploads\/2024\/05\/Laminar-Micro-sardi-768x480.png 768w, https:\/\/www.roxer.ch\/wp-content\/uploads\/2024\/05\/Laminar-Micro-sardi-1536x960.png 1536w, https:\/\/www.roxer.ch\/wp-content\/uploads\/2024\/05\/Laminar-Micro-sardi-2048x1280.png 2048w, https:\/\/www.roxer.ch\/wp-content\/uploads\/2024\/05\/Laminar-Micro-sardi-18x12.png 18w, https:\/\/www.roxer.ch\/wp-content\/uploads\/2024\/05\/Laminar-Micro-sardi-120x75.png 120w, https:\/\/www.roxer.ch\/wp-content\/uploads\/2024\/05\/Laminar-Micro-sardi-480x300.png 480w, https:\/\/www.roxer.ch\/wp-content\/uploads\/2024\/05\/Laminar-Micro-sardi-800x500.png 800w\" sizes=\"(max-width:767px) 480px, (max-width:1024px) 100vw, 1024px\" \/>\t\t\t\t\t\t\t\t\t\t\t\t\t\t\t<\/div>\n\t\t\t\t<\/div>\n\t\t\t\t\t<\/div>\n\t\t<\/div>\n\t\t\t\t\t<\/div>\n\t\t<\/section>\n\t\t\t\t<section class=\"elementor-section elementor-top-section elementor-element elementor-element-ace3bca elementor-section-content-middle elementor-section-stretched product-rubrique elementor-section-boxed elementor-section-height-default elementor-section-height-default\" data-id=\"ace3bca\" data-element_type=\"section\" data-e-type=\"section\" data-settings=\"{&quot;stretch_section&quot;:&quot;section-stretched&quot;}\">\n\t\t\t\t\t\t<div class=\"elementor-container elementor-column-gap-wider\">\n\t\t\t\t\t<div class=\"elementor-column elementor-col-100 elementor-top-column elementor-element elementor-element-9bdf891\" data-id=\"9bdf891\" data-element_type=\"column\" data-e-type=\"column\">\n\t\t\t<div class=\"elementor-widget-wrap elementor-element-populated\">\n\t\t\t\t\t\t<div class=\"elementor-element elementor-element-a9925c1 elementor-widget elementor-widget-image\" data-id=\"a9925c1\" data-element_type=\"widget\" data-e-type=\"widget\" data-widget_type=\"image.default\">\n\t\t\t\t<div class=\"elementor-widget-container\">\n\t\t\t\t\t\t\t\t\t\t\t\t\t\t\t<img decoding=\"async\" width=\"768\" height=\"334\" data-src=\"https:\/\/www.roxer.ch\/wp-content\/uploads\/2022\/03\/FLUX_LAMINAIRE-003-768x334.png\" class=\"attachment-medium_large size-medium_large wp-image-1877 lazyload\" alt=\"\" data-srcset=\"https:\/\/www.roxer.ch\/wp-content\/uploads\/2022\/03\/FLUX_LAMINAIRE-003-768x334.png 768w, https:\/\/www.roxer.ch\/wp-content\/uploads\/2022\/03\/FLUX_LAMINAIRE-003-800x348.png 800w, https:\/\/www.roxer.ch\/wp-content\/uploads\/2022\/03\/FLUX_LAMINAIRE-003-300x131.png 300w, https:\/\/www.roxer.ch\/wp-content\/uploads\/2022\/03\/FLUX_LAMINAIRE-003-260x113.png 260w, https:\/\/www.roxer.ch\/wp-content\/uploads\/2022\/03\/FLUX_LAMINAIRE-003-50x22.png 50w, https:\/\/www.roxer.ch\/wp-content\/uploads\/2022\/03\/FLUX_LAMINAIRE-003-150x65.png 150w, https:\/\/www.roxer.ch\/wp-content\/uploads\/2022\/03\/FLUX_LAMINAIRE-003-600x261.png 600w, https:\/\/www.roxer.ch\/wp-content\/uploads\/2022\/03\/FLUX_LAMINAIRE-003.png 917w\" data-sizes=\"(max-width:767px) 480px, (max-width:768px) 100vw, 768px\" src=\"data:image\/svg+xml;base64,PHN2ZyB3aWR0aD0iMSIgaGVpZ2h0PSIxIiB4bWxucz0iaHR0cDovL3d3dy53My5vcmcvMjAwMC9zdmciPjwvc3ZnPg==\" style=\"--smush-placeholder-width: 768px; --smush-placeholder-aspect-ratio: 768\/334;\" \/>\t\t\t\t\t\t\t\t\t\t\t\t\t\t\t<\/div>\n\t\t\t\t<\/div>\n\t\t\t\t\t<\/div>\n\t\t<\/div>\n\t\t\t\t\t<\/div>\n\t\t<\/section>\n\t\t\t\t<section class=\"elementor-section elementor-top-section elementor-element elementor-element-3338f83 elementor-section-content-middle elementor-section-stretched product-rubrique elementor-section-boxed elementor-section-height-default elementor-section-height-default\" data-id=\"3338f83\" data-element_type=\"section\" data-e-type=\"section\" data-settings=\"{&quot;stretch_section&quot;:&quot;section-stretched&quot;}\">\n\t\t\t\t\t\t<div class=\"elementor-container elementor-column-gap-default\">\n\t\t\t\t\t<div class=\"elementor-column elementor-col-100 elementor-top-column elementor-element elementor-element-f7c4afd\" data-id=\"f7c4afd\" data-element_type=\"column\" data-e-type=\"column\">\n\t\t\t<div class=\"elementor-widget-wrap elementor-element-populated\">\n\t\t\t\t\t\t<div class=\"elementor-element elementor-element-e09b968 elementor-widget elementor-widget-heading\" data-id=\"e09b968\" data-element_type=\"widget\" data-e-type=\"widget\" data-widget_type=\"heading.default\">\n\t\t\t\t<div class=\"elementor-widget-container\">\n\t\t\t\t\t<h3 class=\"elementor-heading-title elementor-size-default\">Technical specifications<\/h3>\t\t\t\t<\/div>\n\t\t\t\t<\/div>\n\t\t\t\t<section class=\"elementor-section elementor-inner-section elementor-element elementor-element-45c49b5 elementor-section-boxed elementor-section-height-default elementor-section-height-default\" data-id=\"45c49b5\" data-element_type=\"section\" data-e-type=\"section\">\n\t\t\t\t\t\t<div class=\"elementor-container elementor-column-gap-default\">\n\t\t\t\t\t<div class=\"elementor-column elementor-col-50 elementor-inner-column elementor-element elementor-element-0144875\" data-id=\"0144875\" data-element_type=\"column\" data-e-type=\"column\">\n\t\t\t<div class=\"elementor-widget-wrap elementor-element-populated\">\n\t\t\t\t\t\t<div class=\"elementor-element elementor-element-4decf86 elementor-widget elementor-widget-text-editor\" data-id=\"4decf86\" data-element_type=\"widget\" data-e-type=\"widget\" data-widget_type=\"text-editor.default\">\n\t\t\t\t<div class=\"elementor-widget-container\">\n\t\t\t\t\t\t\t\t\t<p>Supply voltage :<br \/>Power :<br \/>Standard filter :<br \/>Noise :<br \/>Weight :<br \/>Dimensions (l\/d\/h) :<\/p><p>Work Area (l\/d) :<\/p>\t\t\t\t\t\t\t\t<\/div>\n\t\t\t\t<\/div>\n\t\t\t\t\t<\/div>\n\t\t<\/div>\n\t\t\t\t<div class=\"elementor-column elementor-col-50 elementor-inner-column elementor-element elementor-element-27c05b0\" data-id=\"27c05b0\" data-element_type=\"column\" data-e-type=\"column\">\n\t\t\t<div class=\"elementor-widget-wrap elementor-element-populated\">\n\t\t\t\t\t\t<div class=\"elementor-element elementor-element-155f7cd elementor-widget elementor-widget-text-editor\" data-id=\"155f7cd\" data-element_type=\"widget\" data-e-type=\"widget\" data-widget_type=\"text-editor.default\">\n\t\t\t\t<div class=\"elementor-widget-container\">\n\t\t\t\t\t\t\t\t\t<p>230 V~ \/ 50 Hz<br \/>70 W<br \/>Hepa 0,3 \u00b5m  (filtration class H14)<br \/>46 to 63 dB A<br \/>28,5 kg<br \/>600 x 600 x 610 mm<\/p><p>560 x 380 m<\/p>\t\t\t\t\t\t\t\t<\/div>\n\t\t\t\t<\/div>\n\t\t\t\t\t<\/div>\n\t\t<\/div>\n\t\t\t\t\t<\/div>\n\t\t<\/section>\n\t\t\t\t<section class=\"elementor-section elementor-inner-section elementor-element elementor-element-983eab7 elementor-section-boxed elementor-section-height-default elementor-section-height-default\" data-id=\"983eab7\" data-element_type=\"section\" data-e-type=\"section\">\n\t\t\t\t\t\t<div class=\"elementor-container elementor-column-gap-default\">\n\t\t\t\t\t<div class=\"elementor-column elementor-col-33 elementor-inner-column elementor-element elementor-element-a24699d\" data-id=\"a24699d\" data-element_type=\"column\" data-e-type=\"column\">\n\t\t\t<div class=\"elementor-widget-wrap\">\n\t\t\t\t\t\t\t<\/div>\n\t\t<\/div>\n\t\t\t\t<div class=\"elementor-column elementor-col-33 elementor-inner-column elementor-element elementor-element-09dc2d9\" data-id=\"09dc2d9\" data-element_type=\"column\" data-e-type=\"column\">\n\t\t\t<div class=\"elementor-widget-wrap\">\n\t\t\t\t\t\t\t<\/div>\n\t\t<\/div>\n\t\t\t\t<div class=\"elementor-column elementor-col-33 elementor-inner-column elementor-element elementor-element-c9a7dac\" data-id=\"c9a7dac\" data-element_type=\"column\" data-e-type=\"column\">\n\t\t\t<div class=\"elementor-widget-wrap\">\n\t\t\t\t\t\t\t<\/div>\n\t\t<\/div>\n\t\t\t\t\t<\/div>\n\t\t<\/section>\n\t\t\t\t\t<\/div>\n\t\t<\/div>\n\t\t\t\t\t<\/div>\n\t\t<\/section>\n\t\t\t\t<section class=\"elementor-section elementor-top-section elementor-element elementor-element-8fec745 elementor-section-content-middle elementor-section-stretched product-rubrique dl-pdf elementor-section-boxed elementor-section-height-default elementor-section-height-default\" data-id=\"8fec745\" data-element_type=\"section\" data-e-type=\"section\" data-settings=\"{&quot;stretch_section&quot;:&quot;section-stretched&quot;}\">\n\t\t\t\t\t\t<div class=\"elementor-container elementor-column-gap-default\">\n\t\t\t\t\t<div class=\"elementor-column elementor-col-100 elementor-top-column elementor-element elementor-element-9d97a28\" data-id=\"9d97a28\" data-element_type=\"column\" data-e-type=\"column\">\n\t\t\t<div class=\"elementor-widget-wrap elementor-element-populated\">\n\t\t\t\t\t\t<div class=\"elementor-element elementor-element-22d1293 elementor-widget elementor-widget-heading\" data-id=\"22d1293\" data-element_type=\"widget\" data-e-type=\"widget\" data-widget_type=\"heading.default\">\n\t\t\t\t<div class=\"elementor-widget-container\">\n\t\t\t\t\t<h3 class=\"elementor-heading-title elementor-size-default\">download the technical sheet<\/h3>\t\t\t\t<\/div>\n\t\t\t\t<\/div>\n\t\t\t\t<div class=\"elementor-element elementor-element-b8db7ac elementor-align-center elementor-widget elementor-widget-button\" data-id=\"b8db7ac\" data-element_type=\"widget\" data-e-type=\"widget\" data-widget_type=\"button.default\">\n\t\t\t\t<div class=\"elementor-widget-container\">\n\t\t\t\t\t\t\t\t\t<div class=\"elementor-button-wrapper\">\n\t\t\t\t\t<a class=\"elementor-button elementor-button-link elementor-size-lg\" href=\"https:\/\/www.roxer.ch\/en\/laminar-family\/\" target=\"_blank\">\n\t\t\t\t\t\t<span class=\"elementor-button-content-wrapper\">\n\t\t\t\t\t\t<span class=\"elementor-button-icon\">\n\t\t\t\t<i aria-hidden=\"true\" class=\"far fa-file-pdf\"><\/i>\t\t\t<\/span>\n\t\t\t\t\t\t\t\t\t<span class=\"elementor-button-text\">PDF - FR<\/span>\n\t\t\t\t\t<\/span>\n\t\t\t\t\t<\/a>\n\t\t\t\t<\/div>\n\t\t\t\t\t\t\t\t<\/div>\n\t\t\t\t<\/div>\n\t\t\t\t<div class=\"elementor-element elementor-element-39ce019 elementor-widget elementor-widget-spacer\" data-id=\"39ce019\" data-element_type=\"widget\" data-e-type=\"widget\" data-widget_type=\"spacer.default\">\n\t\t\t\t<div class=\"elementor-widget-container\">\n\t\t\t\t\t\t\t<div class=\"elementor-spacer\">\n\t\t\t<div class=\"elementor-spacer-inner\"><\/div>\n\t\t<\/div>\n\t\t\t\t\t\t<\/div>\n\t\t\t\t<\/div>\n\t\t\t\t\t<\/div>\n\t\t<\/div>\n\t\t\t\t\t<\/div>\n\t\t<\/section>\n\t\t\t\t<\/div>","protected":false},"excerpt":{"rendered":"<p>Micro Laminar Dispositif compact de mise hors poussi\u00e8re d\u2019une zone de travail Enginered and made in Switzerland Appareil destin\u00e9 \u00e0 la r\u00e9alisation d\u2019op\u00e9rations sur plusieurs composants<span class=\"excerpt-hellip\"> [\u2026]<\/span><\/p>\n","protected":false},"featured_media":3526,"template":"","meta":[],"product_brand":[],"product_cat":[28],"product_tag":[],"class_list":{"0":"post-3539","1":"product","2":"type-product","3":"status-publish","4":"has-post-thumbnail","6":"product_cat-environnement-montage","8":"first","9":"instock","10":"virtual","11":"product-type-simple"},"yoast_head":"<!-- This site is optimized with the Yoast SEO plugin v27.0 - https:\/\/yoast.com\/product\/yoast-seo-wordpress\/ -->\n<title>Micro Laminar - Roxer<\/title>\n<meta name=\"description\" content=\"Le Flux laminaire est une enceinte de mise hors poussi\u00e8re qui garantit un environnement exempt de poussi\u00e8re.\" \/>\n<meta name=\"robots\" content=\"index, follow, max-snippet:-1, max-image-preview:large, max-video-preview:-1\" \/>\n<link rel=\"canonical\" href=\"https:\/\/www.roxer.ch\/en\/product\/micro-laminar\/\" \/>\n<meta property=\"og:locale\" content=\"en_GB\" \/>\n<meta property=\"og:type\" content=\"article\" \/>\n<meta property=\"og:title\" content=\"Micro Laminar - Roxer\" \/>\n<meta property=\"og:description\" content=\"Le Flux laminaire est une enceinte de mise hors poussi\u00e8re qui garantit un environnement exempt de poussi\u00e8re.\" \/>\n<meta property=\"og:url\" content=\"https:\/\/www.roxer.ch\/en\/product\/micro-laminar\/\" \/>\n<meta property=\"og:site_name\" content=\"Roxer\" \/>\n<meta property=\"article:modified_time\" content=\"2025-07-18T10:58:41+00:00\" \/>\n<meta property=\"og:image\" content=\"https:\/\/www.roxer.ch\/wp-content\/uploads\/2024\/05\/Laminar-Micro-sardi-1024x640.png\" \/>\n\t<meta property=\"og:image:width\" content=\"1024\" \/>\n\t<meta property=\"og:image:height\" content=\"640\" \/>\n\t<meta property=\"og:image:type\" content=\"image\/png\" \/>\n<meta name=\"twitter:card\" content=\"summary_large_image\" \/>\n<meta name=\"twitter:label1\" content=\"Estimated reading time\" \/>\n\t<meta name=\"twitter:data1\" content=\"2 minutes\" \/>\n<script type=\"application\/ld+json\" class=\"yoast-schema-graph\">{\"@context\":\"https:\/\/schema.org\",\"@graph\":[{\"@type\":\"WebPage\",\"@id\":\"https:\/\/www.roxer.ch\/produit\/micro-laminar\/\",\"url\":\"https:\/\/www.roxer.ch\/produit\/micro-laminar\/\",\"name\":\"Micro Laminar - Roxer\",\"isPartOf\":{\"@id\":\"https:\/\/www.roxer.ch\/#website\"},\"primaryImageOfPage\":{\"@id\":\"https:\/\/www.roxer.ch\/produit\/micro-laminar\/#primaryimage\"},\"image\":{\"@id\":\"https:\/\/www.roxer.ch\/produit\/micro-laminar\/#primaryimage\"},\"thumbnailUrl\":\"https:\/\/www.roxer.ch\/wp-content\/uploads\/2024\/05\/Laminar-Micro-sardi.png\",\"datePublished\":\"2025-05-22T08:39:43+00:00\",\"dateModified\":\"2025-07-18T10:58:41+00:00\",\"description\":\"Le Flux laminaire est une enceinte de mise hors poussi\u00e8re qui garantit un environnement exempt de poussi\u00e8re.\",\"breadcrumb\":{\"@id\":\"https:\/\/www.roxer.ch\/produit\/micro-laminar\/#breadcrumb\"},\"inLanguage\":\"en-GB\",\"potentialAction\":[{\"@type\":\"ReadAction\",\"target\":[\"https:\/\/www.roxer.ch\/produit\/micro-laminar\/\"]}]},{\"@type\":\"ImageObject\",\"inLanguage\":\"en-GB\",\"@id\":\"https:\/\/www.roxer.ch\/produit\/micro-laminar\/#primaryimage\",\"url\":\"https:\/\/www.roxer.ch\/wp-content\/uploads\/2024\/05\/Laminar-Micro-sardi.png\",\"contentUrl\":\"https:\/\/www.roxer.ch\/wp-content\/uploads\/2024\/05\/Laminar-Micro-sardi.png\",\"width\":7680,\"height\":4801},{\"@type\":\"BreadcrumbList\",\"@id\":\"https:\/\/www.roxer.ch\/produit\/micro-laminar\/#breadcrumb\",\"itemListElement\":[{\"@type\":\"ListItem\",\"position\":1,\"name\":\"Accueil\",\"item\":\"https:\/\/www.roxer.ch\/\"},{\"@type\":\"ListItem\",\"position\":2,\"name\":\"Produits\",\"item\":\"https:\/\/www.roxer.ch\/shop\/\"},{\"@type\":\"ListItem\",\"position\":3,\"name\":\"Micro Laminar\"}]},{\"@type\":\"WebSite\",\"@id\":\"https:\/\/www.roxer.ch\/#website\",\"url\":\"https:\/\/www.roxer.ch\/\",\"name\":\"Roxer\",\"description\":\"\",\"publisher\":{\"@id\":\"https:\/\/www.roxer.ch\/#organization\"},\"potentialAction\":[{\"@type\":\"SearchAction\",\"target\":{\"@type\":\"EntryPoint\",\"urlTemplate\":\"https:\/\/www.roxer.ch\/?s={search_term_string}\"},\"query-input\":{\"@type\":\"PropertyValueSpecification\",\"valueRequired\":true,\"valueName\":\"search_term_string\"}}],\"inLanguage\":\"en-GB\"},{\"@type\":\"Organization\",\"@id\":\"https:\/\/www.roxer.ch\/#organization\",\"name\":\"Roxer\",\"url\":\"https:\/\/www.roxer.ch\/\",\"logo\":{\"@type\":\"ImageObject\",\"inLanguage\":\"en-GB\",\"@id\":\"https:\/\/www.roxer.ch\/#\/schema\/logo\/image\/\",\"url\":\"https:\/\/www.roxer.ch\/wp-content\/uploads\/2022\/02\/cropped-logoRoxer-scaled-1-jpg.webp\",\"contentUrl\":\"https:\/\/www.roxer.ch\/wp-content\/uploads\/2022\/02\/cropped-logoRoxer-scaled-1-jpg.webp\",\"width\":260,\"height\":80,\"caption\":\"Roxer\"},\"image\":{\"@id\":\"https:\/\/www.roxer.ch\/#\/schema\/logo\/image\/\"}}]}<\/script>\n<!-- \/ Yoast SEO plugin. -->","yoast_head_json":{"title":"Micro Laminar - Roxer","description":"Le Flux laminaire est une enceinte de mise hors poussi\u00e8re qui garantit un environnement exempt de poussi\u00e8re.","robots":{"index":"index","follow":"follow","max-snippet":"max-snippet:-1","max-image-preview":"max-image-preview:large","max-video-preview":"max-video-preview:-1"},"canonical":"https:\/\/www.roxer.ch\/en\/product\/micro-laminar\/","og_locale":"en_GB","og_type":"article","og_title":"Micro Laminar - Roxer","og_description":"Le Flux laminaire est une enceinte de mise hors poussi\u00e8re qui garantit un environnement exempt de poussi\u00e8re.","og_url":"https:\/\/www.roxer.ch\/en\/product\/micro-laminar\/","og_site_name":"Roxer","article_modified_time":"2025-07-18T10:58:41+00:00","og_image":[{"width":1024,"height":640,"url":"https:\/\/www.roxer.ch\/wp-content\/uploads\/2024\/05\/Laminar-Micro-sardi-1024x640.png","type":"image\/png"}],"twitter_card":"summary_large_image","twitter_misc":{"Estimated reading time":"2 minutes"},"schema":{"@context":"https:\/\/schema.org","@graph":[{"@type":"WebPage","@id":"https:\/\/www.roxer.ch\/produit\/micro-laminar\/","url":"https:\/\/www.roxer.ch\/produit\/micro-laminar\/","name":"Micro Laminar - Roxer","isPartOf":{"@id":"https:\/\/www.roxer.ch\/#website"},"primaryImageOfPage":{"@id":"https:\/\/www.roxer.ch\/produit\/micro-laminar\/#primaryimage"},"image":{"@id":"https:\/\/www.roxer.ch\/produit\/micro-laminar\/#primaryimage"},"thumbnailUrl":"https:\/\/www.roxer.ch\/wp-content\/uploads\/2024\/05\/Laminar-Micro-sardi.png","datePublished":"2025-05-22T08:39:43+00:00","dateModified":"2025-07-18T10:58:41+00:00","description":"Le Flux laminaire est une enceinte de mise hors poussi\u00e8re qui garantit un environnement exempt de poussi\u00e8re.","breadcrumb":{"@id":"https:\/\/www.roxer.ch\/produit\/micro-laminar\/#breadcrumb"},"inLanguage":"en-GB","potentialAction":[{"@type":"ReadAction","target":["https:\/\/www.roxer.ch\/produit\/micro-laminar\/"]}]},{"@type":"ImageObject","inLanguage":"en-GB","@id":"https:\/\/www.roxer.ch\/produit\/micro-laminar\/#primaryimage","url":"https:\/\/www.roxer.ch\/wp-content\/uploads\/2024\/05\/Laminar-Micro-sardi.png","contentUrl":"https:\/\/www.roxer.ch\/wp-content\/uploads\/2024\/05\/Laminar-Micro-sardi.png","width":7680,"height":4801},{"@type":"BreadcrumbList","@id":"https:\/\/www.roxer.ch\/produit\/micro-laminar\/#breadcrumb","itemListElement":[{"@type":"ListItem","position":1,"name":"Accueil","item":"https:\/\/www.roxer.ch\/"},{"@type":"ListItem","position":2,"name":"Produits","item":"https:\/\/www.roxer.ch\/shop\/"},{"@type":"ListItem","position":3,"name":"Micro Laminar"}]},{"@type":"WebSite","@id":"https:\/\/www.roxer.ch\/#website","url":"https:\/\/www.roxer.ch\/","name":"Roxer","description":"","publisher":{"@id":"https:\/\/www.roxer.ch\/#organization"},"potentialAction":[{"@type":"SearchAction","target":{"@type":"EntryPoint","urlTemplate":"https:\/\/www.roxer.ch\/?s={search_term_string}"},"query-input":{"@type":"PropertyValueSpecification","valueRequired":true,"valueName":"search_term_string"}}],"inLanguage":"en-GB"},{"@type":"Organization","@id":"https:\/\/www.roxer.ch\/#organization","name":"Roxer","url":"https:\/\/www.roxer.ch\/","logo":{"@type":"ImageObject","inLanguage":"en-GB","@id":"https:\/\/www.roxer.ch\/#\/schema\/logo\/image\/","url":"https:\/\/www.roxer.ch\/wp-content\/uploads\/2022\/02\/cropped-logoRoxer-scaled-1-jpg.webp","contentUrl":"https:\/\/www.roxer.ch\/wp-content\/uploads\/2022\/02\/cropped-logoRoxer-scaled-1-jpg.webp","width":260,"height":80,"caption":"Roxer"},"image":{"@id":"https:\/\/www.roxer.ch\/#\/schema\/logo\/image\/"}}]}},"_links":{"self":[{"href":"https:\/\/www.roxer.ch\/en\/wp-json\/wp\/v2\/product\/3539","targetHints":{"allow":["GET"]}}],"collection":[{"href":"https:\/\/www.roxer.ch\/en\/wp-json\/wp\/v2\/product"}],"about":[{"href":"https:\/\/www.roxer.ch\/en\/wp-json\/wp\/v2\/types\/product"}],"version-history":[{"count":33,"href":"https:\/\/www.roxer.ch\/en\/wp-json\/wp\/v2\/product\/3539\/revisions"}],"predecessor-version":[{"id":3792,"href":"https:\/\/www.roxer.ch\/en\/wp-json\/wp\/v2\/product\/3539\/revisions\/3792"}],"wp:featuredmedia":[{"embeddable":true,"href":"https:\/\/www.roxer.ch\/en\/wp-json\/wp\/v2\/media\/3526"}],"wp:attachment":[{"href":"https:\/\/www.roxer.ch\/en\/wp-json\/wp\/v2\/media?parent=3539"}],"wp:term":[{"taxonomy":"product_brand","embeddable":true,"href":"https:\/\/www.roxer.ch\/en\/wp-json\/wp\/v2\/product_brand?post=3539"},{"taxonomy":"product_cat","embeddable":true,"href":"https:\/\/www.roxer.ch\/en\/wp-json\/wp\/v2\/product_cat?post=3539"},{"taxonomy":"product_tag","embeddable":true,"href":"https:\/\/www.roxer.ch\/en\/wp-json\/wp\/v2\/product_tag?post=3539"}],"curies":[{"name":"wp","href":"https:\/\/api.w.org\/{rel}","templated":true}]}}