{"id":3545,"date":"2025-05-22T10:45:34","date_gmt":"2025-05-22T08:45:34","guid":{"rendered":"https:\/\/www.roxer.ch\/?post_type=product&#038;p=3545"},"modified":"2026-02-26T15:03:32","modified_gmt":"2026-02-26T14:03:32","slug":"nano-laminar","status":"publish","type":"product","link":"https:\/\/www.roxer.ch\/en\/product\/nano-laminar\/","title":{"rendered":"Nano Laminar"},"content":{"rendered":"<h2>Nano Laminar<\/h2>\n<h4>Ultra-compact device for dust-proofing a work area<\/h4>\n<p>Enginered and made in Switzerland<\/p>\n<p>Apparatus intended for the performance of extremely localized and delicate operations that do not tolerate the presence of particles.<\/p>\n<h3>Machine functions<\/h3>\n<ul>\n<li>Guarantees a dust-free environment<\/li>\n<li>3 Adjustable airflow speed\n<ul>\n<li>Standby 0,15 m\/s<\/li>\n<li>Work 0,25 m\/s<\/li>\n<li>High Speed 0,35 m\/s<\/li>\n<\/ul>\n<\/li>\n<li>Ventilation lifetime &gt;100\u2019000 hours<\/li>\n<li>Norms ISO 14644-1 - ISO3 class from 0.3 \u03bcm<\/li>\n<li>Low energy consumption<\/li>\n<li>LED lighting:\n<ul>\n<li>Adjustable Temperature (4\u2019000 \u00e0 6\u2019000 kelvin)<\/li>\n<li>Adjustable brightness (370 to more than 1\u2019500 lux)<\/li>\n<li>IRC &gt; 90 (flicker-free)<\/li>\n<\/ul>\n<\/li>\n<li>Options :\n<ul>\n<li>Choice of colours possible<\/li>\n<li>Workbench<\/li>\n<li>Armrests<\/li>\n<\/ul>\n<\/li>\n<\/ul>\n<p><img fetchpriority=\"high\" decoding=\"async\" src=\"https:\/\/www.roxer.ch\/wp-content\/uploads\/2024\/05\/Laminar-Nano-sardi-2-1024x640.png\" sizes=\"(max-width:767px) 480px, (max-width:1024px) 100vw, 1024px\" srcset=\"https:\/\/www.roxer.ch\/wp-content\/uploads\/2024\/05\/Laminar-Nano-sardi-2-1024x640.png 1024w, https:\/\/www.roxer.ch\/wp-content\/uploads\/2024\/05\/Laminar-Nano-sardi-2-300x188.png 300w, https:\/\/www.roxer.ch\/wp-content\/uploads\/2024\/05\/Laminar-Nano-sardi-2-768x480.png 768w, https:\/\/www.roxer.ch\/wp-content\/uploads\/2024\/05\/Laminar-Nano-sardi-2-1536x960.png 1536w, https:\/\/www.roxer.ch\/wp-content\/uploads\/2024\/05\/Laminar-Nano-sardi-2-2048x1280.png 2048w, https:\/\/www.roxer.ch\/wp-content\/uploads\/2024\/05\/Laminar-Nano-sardi-2-18x12.png 18w, https:\/\/www.roxer.ch\/wp-content\/uploads\/2024\/05\/Laminar-Nano-sardi-2-120x75.png 120w, https:\/\/www.roxer.ch\/wp-content\/uploads\/2024\/05\/Laminar-Nano-sardi-2-480x300.png 480w, https:\/\/www.roxer.ch\/wp-content\/uploads\/2024\/05\/Laminar-Nano-sardi-2-800x500.png 800w\" alt=\"\" width=\"1024\" height=\"640\" \/><br \/>\n<img decoding=\"async\" data-src=\"https:\/\/www.roxer.ch\/wp-content\/uploads\/2022\/03\/FLUX_LAMINAIRE-003-768x334.png\" data-sizes=\"(max-width:767px) 480px, (max-width:768px) 100vw, 768px\" data-srcset=\"https:\/\/www.roxer.ch\/wp-content\/uploads\/2022\/03\/FLUX_LAMINAIRE-003-768x334.png 768w, https:\/\/www.roxer.ch\/wp-content\/uploads\/2022\/03\/FLUX_LAMINAIRE-003-800x348.png 800w, https:\/\/www.roxer.ch\/wp-content\/uploads\/2022\/03\/FLUX_LAMINAIRE-003-300x131.png 300w, https:\/\/www.roxer.ch\/wp-content\/uploads\/2022\/03\/FLUX_LAMINAIRE-003-260x113.png 260w, https:\/\/www.roxer.ch\/wp-content\/uploads\/2022\/03\/FLUX_LAMINAIRE-003-50x22.png 50w, https:\/\/www.roxer.ch\/wp-content\/uploads\/2022\/03\/FLUX_LAMINAIRE-003-150x65.png 150w, https:\/\/www.roxer.ch\/wp-content\/uploads\/2022\/03\/FLUX_LAMINAIRE-003-600x261.png 600w, https:\/\/www.roxer.ch\/wp-content\/uploads\/2022\/03\/FLUX_LAMINAIRE-003.png 917w\" alt=\"\" width=\"768\" height=\"334\" src=\"data:image\/svg+xml;base64,PHN2ZyB3aWR0aD0iMSIgaGVpZ2h0PSIxIiB4bWxucz0iaHR0cDovL3d3dy53My5vcmcvMjAwMC9zdmciPjwvc3ZnPg==\" class=\"lazyload\" style=\"--smush-placeholder-width: 768px; --smush-placeholder-aspect-ratio: 768\/334;\" \/><\/p>\n<h3>Technical specifications<\/h3>\n<p>Supply voltage :<br \/>\nPower :<br \/>\nStandard filter :<br \/>\nNoise :<br \/>\nWeight :<br \/>\nDimensions (l\/d\/h) :<\/p>\n<p>Work Area (l\/d) :<\/p>\n<p>230 V~ \/ 50 Hz<br \/>\n50 W<br \/>\nHepa 0,3 \u00b5m  (filtration class H14)<br \/>\n40 to 50 dB A<br \/>\n14,5 kg<br \/>\n280 x 600 x 560 mm<\/p>\n<p>270 x 370 mm<\/p>\n<p><img decoding=\"async\" data-src=\"https:\/\/www.roxer.ch\/wp-content\/uploads\/2024\/05\/Laminar-Nano-sardi-1024x640.png\" data-sizes=\"(max-width:767px) 480px, (max-width:1024px) 100vw, 1024px\" data-srcset=\"https:\/\/www.roxer.ch\/wp-content\/uploads\/2024\/05\/Laminar-Nano-sardi-1024x640.png 1024w, https:\/\/www.roxer.ch\/wp-content\/uploads\/2024\/05\/Laminar-Nano-sardi-300x188.png 300w, https:\/\/www.roxer.ch\/wp-content\/uploads\/2024\/05\/Laminar-Nano-sardi-768x480.png 768w, https:\/\/www.roxer.ch\/wp-content\/uploads\/2024\/05\/Laminar-Nano-sardi-1536x960.png 1536w, https:\/\/www.roxer.ch\/wp-content\/uploads\/2024\/05\/Laminar-Nano-sardi-2048x1280.png 2048w, https:\/\/www.roxer.ch\/wp-content\/uploads\/2024\/05\/Laminar-Nano-sardi-18x12.png 18w, https:\/\/www.roxer.ch\/wp-content\/uploads\/2024\/05\/Laminar-Nano-sardi-120x75.png 120w, https:\/\/www.roxer.ch\/wp-content\/uploads\/2024\/05\/Laminar-Nano-sardi-480x300.png 480w, https:\/\/www.roxer.ch\/wp-content\/uploads\/2024\/05\/Laminar-Nano-sardi-800x500.png 800w\" alt=\"\" width=\"1024\" height=\"640\" src=\"data:image\/svg+xml;base64,PHN2ZyB3aWR0aD0iMSIgaGVpZ2h0PSIxIiB4bWxucz0iaHR0cDovL3d3dy53My5vcmcvMjAwMC9zdmciPjwvc3ZnPg==\" class=\"lazyload\" style=\"--smush-placeholder-width: 1024px; --smush-placeholder-aspect-ratio: 1024\/640;\" \/><\/p>\n<p>&nbsp;<\/p>\n<h3>download the technical sheet<\/h3>\n<p><a href=\"https:\/\/www.roxer.ch\/en\/laminar-family\/\" target=\"_blank\" rel=\"noopener\"><br \/>\nPDF &#8211; FR<br \/>\n<\/a><\/p>\n<p>&nbsp;<\/p>","protected":false},"excerpt":{"rendered":"<p>Nano Laminar Dispositif ultra-compact de mise hors poussi\u00e8re d\u2019une zone de travail Enginered and made in Switzerland Appareil destin\u00e9 \u00e0 la r\u00e9alisation d\u2019op\u00e9rations extr\u00eamement localis\u00e9es et<span class=\"excerpt-hellip\"> [\u2026]<\/span><\/p>\n","protected":false},"featured_media":3540,"template":"","meta":[],"product_brand":[],"product_cat":[28],"product_tag":[],"class_list":{"0":"post-3545","1":"product","2":"type-product","3":"status-publish","4":"has-post-thumbnail","6":"product_cat-environnement-montage","8":"first","9":"instock","10":"virtual","11":"product-type-simple"},"yoast_head":"<!-- This site is optimized with the Yoast SEO plugin v27.0 - https:\/\/yoast.com\/product\/yoast-seo-wordpress\/ -->\n<title>Nano Laminar - Roxer<\/title>\n<meta name=\"description\" content=\"Le Flux laminaire est une enceinte de mise hors poussi\u00e8re qui garantit un environnement exempt de poussi\u00e8re.\" \/>\n<meta name=\"robots\" content=\"index, follow, max-snippet:-1, max-image-preview:large, max-video-preview:-1\" \/>\n<link rel=\"canonical\" href=\"https:\/\/www.roxer.ch\/en\/product\/nano-laminar\/\" \/>\n<meta property=\"og:locale\" content=\"en_GB\" \/>\n<meta property=\"og:type\" content=\"article\" \/>\n<meta property=\"og:title\" content=\"Nano Laminar - Roxer\" \/>\n<meta property=\"og:description\" content=\"Le Flux laminaire est une enceinte de mise hors poussi\u00e8re qui garantit un environnement exempt de poussi\u00e8re.\" \/>\n<meta property=\"og:url\" content=\"https:\/\/www.roxer.ch\/en\/product\/nano-laminar\/\" \/>\n<meta property=\"og:site_name\" content=\"Roxer\" \/>\n<meta property=\"article:modified_time\" content=\"2026-02-26T14:03:32+00:00\" \/>\n<meta property=\"og:image\" content=\"https:\/\/www.roxer.ch\/wp-content\/uploads\/2024\/05\/Laminar-Nano-sardi-2-1024x640.png\" \/>\n\t<meta property=\"og:image:width\" content=\"1024\" \/>\n\t<meta property=\"og:image:height\" content=\"640\" \/>\n\t<meta property=\"og:image:type\" content=\"image\/png\" \/>\n<meta name=\"twitter:card\" content=\"summary_large_image\" \/>\n<meta name=\"twitter:label1\" content=\"Estimated reading time\" \/>\n\t<meta name=\"twitter:data1\" content=\"2 minutes\" \/>\n<script type=\"application\/ld+json\" class=\"yoast-schema-graph\">{\"@context\":\"https:\/\/schema.org\",\"@graph\":[{\"@type\":\"WebPage\",\"@id\":\"https:\/\/www.roxer.ch\/produit\/nano-laminar\/\",\"url\":\"https:\/\/www.roxer.ch\/produit\/nano-laminar\/\",\"name\":\"Nano Laminar - Roxer\",\"isPartOf\":{\"@id\":\"https:\/\/www.roxer.ch\/#website\"},\"primaryImageOfPage\":{\"@id\":\"https:\/\/www.roxer.ch\/produit\/nano-laminar\/#primaryimage\"},\"image\":{\"@id\":\"https:\/\/www.roxer.ch\/produit\/nano-laminar\/#primaryimage\"},\"thumbnailUrl\":\"https:\/\/www.roxer.ch\/wp-content\/uploads\/2024\/05\/Laminar-Nano-sardi-2.png\",\"datePublished\":\"2025-05-22T08:45:34+00:00\",\"dateModified\":\"2026-02-26T14:03:32+00:00\",\"description\":\"Le Flux laminaire est une enceinte de mise hors poussi\u00e8re qui garantit un environnement exempt de poussi\u00e8re.\",\"breadcrumb\":{\"@id\":\"https:\/\/www.roxer.ch\/produit\/nano-laminar\/#breadcrumb\"},\"inLanguage\":\"en-GB\",\"potentialAction\":[{\"@type\":\"ReadAction\",\"target\":[\"https:\/\/www.roxer.ch\/produit\/nano-laminar\/\"]}]},{\"@type\":\"ImageObject\",\"inLanguage\":\"en-GB\",\"@id\":\"https:\/\/www.roxer.ch\/produit\/nano-laminar\/#primaryimage\",\"url\":\"https:\/\/www.roxer.ch\/wp-content\/uploads\/2024\/05\/Laminar-Nano-sardi-2.png\",\"contentUrl\":\"https:\/\/www.roxer.ch\/wp-content\/uploads\/2024\/05\/Laminar-Nano-sardi-2.png\",\"width\":7680,\"height\":4801},{\"@type\":\"BreadcrumbList\",\"@id\":\"https:\/\/www.roxer.ch\/produit\/nano-laminar\/#breadcrumb\",\"itemListElement\":[{\"@type\":\"ListItem\",\"position\":1,\"name\":\"Accueil\",\"item\":\"https:\/\/www.roxer.ch\/\"},{\"@type\":\"ListItem\",\"position\":2,\"name\":\"Produits\",\"item\":\"https:\/\/www.roxer.ch\/shop\/\"},{\"@type\":\"ListItem\",\"position\":3,\"name\":\"Nano Laminar\"}]},{\"@type\":\"WebSite\",\"@id\":\"https:\/\/www.roxer.ch\/#website\",\"url\":\"https:\/\/www.roxer.ch\/\",\"name\":\"Roxer\",\"description\":\"\",\"publisher\":{\"@id\":\"https:\/\/www.roxer.ch\/#organization\"},\"potentialAction\":[{\"@type\":\"SearchAction\",\"target\":{\"@type\":\"EntryPoint\",\"urlTemplate\":\"https:\/\/www.roxer.ch\/?s={search_term_string}\"},\"query-input\":{\"@type\":\"PropertyValueSpecification\",\"valueRequired\":true,\"valueName\":\"search_term_string\"}}],\"inLanguage\":\"en-GB\"},{\"@type\":\"Organization\",\"@id\":\"https:\/\/www.roxer.ch\/#organization\",\"name\":\"Roxer\",\"url\":\"https:\/\/www.roxer.ch\/\",\"logo\":{\"@type\":\"ImageObject\",\"inLanguage\":\"en-GB\",\"@id\":\"https:\/\/www.roxer.ch\/#\/schema\/logo\/image\/\",\"url\":\"https:\/\/www.roxer.ch\/wp-content\/uploads\/2022\/02\/cropped-logoRoxer-scaled-1-jpg.webp\",\"contentUrl\":\"https:\/\/www.roxer.ch\/wp-content\/uploads\/2022\/02\/cropped-logoRoxer-scaled-1-jpg.webp\",\"width\":260,\"height\":80,\"caption\":\"Roxer\"},\"image\":{\"@id\":\"https:\/\/www.roxer.ch\/#\/schema\/logo\/image\/\"}}]}<\/script>\n<!-- \/ Yoast SEO plugin. -->","yoast_head_json":{"title":"Nano Laminar - Roxer","description":"Le Flux laminaire est une enceinte de mise hors poussi\u00e8re qui garantit un environnement exempt de poussi\u00e8re.","robots":{"index":"index","follow":"follow","max-snippet":"max-snippet:-1","max-image-preview":"max-image-preview:large","max-video-preview":"max-video-preview:-1"},"canonical":"https:\/\/www.roxer.ch\/en\/product\/nano-laminar\/","og_locale":"en_GB","og_type":"article","og_title":"Nano Laminar - Roxer","og_description":"Le Flux laminaire est une enceinte de mise hors poussi\u00e8re qui garantit un environnement exempt de poussi\u00e8re.","og_url":"https:\/\/www.roxer.ch\/en\/product\/nano-laminar\/","og_site_name":"Roxer","article_modified_time":"2026-02-26T14:03:32+00:00","og_image":[{"width":1024,"height":640,"url":"https:\/\/www.roxer.ch\/wp-content\/uploads\/2024\/05\/Laminar-Nano-sardi-2-1024x640.png","type":"image\/png"}],"twitter_card":"summary_large_image","twitter_misc":{"Estimated reading time":"2 minutes"},"schema":{"@context":"https:\/\/schema.org","@graph":[{"@type":"WebPage","@id":"https:\/\/www.roxer.ch\/produit\/nano-laminar\/","url":"https:\/\/www.roxer.ch\/produit\/nano-laminar\/","name":"Nano Laminar - Roxer","isPartOf":{"@id":"https:\/\/www.roxer.ch\/#website"},"primaryImageOfPage":{"@id":"https:\/\/www.roxer.ch\/produit\/nano-laminar\/#primaryimage"},"image":{"@id":"https:\/\/www.roxer.ch\/produit\/nano-laminar\/#primaryimage"},"thumbnailUrl":"https:\/\/www.roxer.ch\/wp-content\/uploads\/2024\/05\/Laminar-Nano-sardi-2.png","datePublished":"2025-05-22T08:45:34+00:00","dateModified":"2026-02-26T14:03:32+00:00","description":"Le Flux laminaire est une enceinte de mise hors poussi\u00e8re qui garantit un environnement exempt de poussi\u00e8re.","breadcrumb":{"@id":"https:\/\/www.roxer.ch\/produit\/nano-laminar\/#breadcrumb"},"inLanguage":"en-GB","potentialAction":[{"@type":"ReadAction","target":["https:\/\/www.roxer.ch\/produit\/nano-laminar\/"]}]},{"@type":"ImageObject","inLanguage":"en-GB","@id":"https:\/\/www.roxer.ch\/produit\/nano-laminar\/#primaryimage","url":"https:\/\/www.roxer.ch\/wp-content\/uploads\/2024\/05\/Laminar-Nano-sardi-2.png","contentUrl":"https:\/\/www.roxer.ch\/wp-content\/uploads\/2024\/05\/Laminar-Nano-sardi-2.png","width":7680,"height":4801},{"@type":"BreadcrumbList","@id":"https:\/\/www.roxer.ch\/produit\/nano-laminar\/#breadcrumb","itemListElement":[{"@type":"ListItem","position":1,"name":"Accueil","item":"https:\/\/www.roxer.ch\/"},{"@type":"ListItem","position":2,"name":"Produits","item":"https:\/\/www.roxer.ch\/shop\/"},{"@type":"ListItem","position":3,"name":"Nano Laminar"}]},{"@type":"WebSite","@id":"https:\/\/www.roxer.ch\/#website","url":"https:\/\/www.roxer.ch\/","name":"Roxer","description":"","publisher":{"@id":"https:\/\/www.roxer.ch\/#organization"},"potentialAction":[{"@type":"SearchAction","target":{"@type":"EntryPoint","urlTemplate":"https:\/\/www.roxer.ch\/?s={search_term_string}"},"query-input":{"@type":"PropertyValueSpecification","valueRequired":true,"valueName":"search_term_string"}}],"inLanguage":"en-GB"},{"@type":"Organization","@id":"https:\/\/www.roxer.ch\/#organization","name":"Roxer","url":"https:\/\/www.roxer.ch\/","logo":{"@type":"ImageObject","inLanguage":"en-GB","@id":"https:\/\/www.roxer.ch\/#\/schema\/logo\/image\/","url":"https:\/\/www.roxer.ch\/wp-content\/uploads\/2022\/02\/cropped-logoRoxer-scaled-1-jpg.webp","contentUrl":"https:\/\/www.roxer.ch\/wp-content\/uploads\/2022\/02\/cropped-logoRoxer-scaled-1-jpg.webp","width":260,"height":80,"caption":"Roxer"},"image":{"@id":"https:\/\/www.roxer.ch\/#\/schema\/logo\/image\/"}}]}},"_links":{"self":[{"href":"https:\/\/www.roxer.ch\/en\/wp-json\/wp\/v2\/product\/3545","targetHints":{"allow":["GET"]}}],"collection":[{"href":"https:\/\/www.roxer.ch\/en\/wp-json\/wp\/v2\/product"}],"about":[{"href":"https:\/\/www.roxer.ch\/en\/wp-json\/wp\/v2\/types\/product"}],"version-history":[{"count":43,"href":"https:\/\/www.roxer.ch\/en\/wp-json\/wp\/v2\/product\/3545\/revisions"}],"predecessor-version":[{"id":3814,"href":"https:\/\/www.roxer.ch\/en\/wp-json\/wp\/v2\/product\/3545\/revisions\/3814"}],"wp:featuredmedia":[{"embeddable":true,"href":"https:\/\/www.roxer.ch\/en\/wp-json\/wp\/v2\/media\/3540"}],"wp:attachment":[{"href":"https:\/\/www.roxer.ch\/en\/wp-json\/wp\/v2\/media?parent=3545"}],"wp:term":[{"taxonomy":"product_brand","embeddable":true,"href":"https:\/\/www.roxer.ch\/en\/wp-json\/wp\/v2\/product_brand?post=3545"},{"taxonomy":"product_cat","embeddable":true,"href":"https:\/\/www.roxer.ch\/en\/wp-json\/wp\/v2\/product_cat?post=3545"},{"taxonomy":"product_tag","embeddable":true,"href":"https:\/\/www.roxer.ch\/en\/wp-json\/wp\/v2\/product_tag?post=3545"}],"curies":[{"name":"wp","href":"https:\/\/api.w.org\/{rel}","templated":true}]}}